{"id":13380,"date":"2022-05-23T11:10:26","date_gmt":"2022-05-23T10:10:26","guid":{"rendered":"https:\/\/cigkoftem.eu\/contact\/"},"modified":"2023-10-26T20:37:05","modified_gmt":"2023-10-26T20:37:05","slug":"contact","status":"publish","type":"page","link":"https:\/\/cigkoftem.eu\/en\/contact\/","title":{"rendered":"Contact"},"content":{"rendered":"\t\t<div data-elementor-type=\"wp-page\" data-elementor-id=\"13380\" class=\"elementor elementor-13380 elementor-279\">\n\t\t\t\t\t\t<section class=\"wd-negative-gap elementor-section elementor-top-section elementor-element elementor-element-22f8a0e elementor-section-content-top elementor-section-boxed elementor-section-height-default elementor-section-height-default\" data-id=\"22f8a0e\" data-element_type=\"section\" data-e-type=\"section\">\n\t\t\t\t\t\t<div class=\"elementor-container elementor-column-gap-default\">\n\t\t\t\t\t<div class=\"elementor-column elementor-col-50 elementor-top-column elementor-element elementor-element-09f36be\" data-id=\"09f36be\" data-element_type=\"column\" data-e-type=\"column\">\n\t\t\t<div class=\"elementor-widget-wrap elementor-element-populated\">\n\t\t\t\t\t\t<div class=\"elementor-element elementor-element-8c8d7ab elementor-widget elementor-widget-heading\" data-id=\"8c8d7ab\" data-element_type=\"widget\" data-e-type=\"widget\" data-widget_type=\"heading.default\">\n\t\t\t\t<div class=\"elementor-widget-container\">\n\t\t\t\t\t<h2 class=\"elementor-heading-title elementor-size-default\">\u00c7I\u0307\u011eK\u00d6FTEM EUROPE<\/h2>\t\t\t\t<\/div>\n\t\t\t\t<\/div>\n\t\t\t\t<div class=\"elementor-element elementor-element-94ebae2 color-scheme-inherit text-left elementor-widget elementor-widget-text-editor\" data-id=\"94ebae2\" data-element_type=\"widget\" data-e-type=\"widget\" data-widget_type=\"text-editor.default\">\n\t\t\t\t<div class=\"elementor-widget-container\">\n\t\t\t\t\t\t\t\t\tEM Europe GmbH\n<br>\nHammer Landstr. 113 &#8211; 41460 Neuss \/ Germany\n<br>\nTel: +49 2131 2949820\n<br>\nTel: +49 2131 2949821\n<br>\nFax: +49 2131 2949822\n<br>\nE-mail: emeurope@cigkoftem.com  \t\t\t\t\t\t\t\t<\/div>\n\t\t\t\t<\/div>\n\t\t\t\t<div class=\"elementor-element elementor-element-03f3ca0 elementor-widget elementor-widget-heading\" data-id=\"03f3ca0\" data-element_type=\"widget\" data-e-type=\"widget\" data-widget_type=\"heading.default\">\n\t\t\t\t<div class=\"elementor-widget-container\">\n\t\t\t\t\t<h2 class=\"elementor-heading-title elementor-size-default\">\u00c7I\u0307\u011eK\u00d6FTEM TURKEI\u0307<\/h2>\t\t\t\t<\/div>\n\t\t\t\t<\/div>\n\t\t\t\t<div class=\"elementor-element elementor-element-ca861fa color-scheme-inherit text-left elementor-widget elementor-widget-text-editor\" data-id=\"ca861fa\" data-element_type=\"widget\" data-e-type=\"widget\" data-widget_type=\"text-editor.default\">\n\t\t\t\t<div class=\"elementor-widget-container\">\n\t\t\t\t\t\t\t\t\tEM Group G\u0131da San. Tic. Ltd. \u015eti.\n<br>\nMimar Sinan Mahallesi E5 Londra Asfalt\u0131 Caddesi\n<br>\nNo: 87\/1 B\u00fcy\u00fck\u00e7ekmece \/ \u0130STANBUL\n<br>\nPosta Kodu: 34535\n<br>\nTel: 444 2 126\n<br>\nTel: +90 212 550 21 11\n<br>\nE-mail: info@cigkoftem.com\t\t\t\t\t\t\t\t<\/div>\n\t\t\t\t<\/div>\n\t\t\t\t<div class=\"elementor-element elementor-element-5188f27 elementor-shape-circle e-grid-align-left elementor-grid-tablet-0 e-grid-align-tablet-left elementor-grid-0 elementor-widget elementor-widget-social-icons\" data-id=\"5188f27\" data-element_type=\"widget\" data-e-type=\"widget\" data-widget_type=\"social-icons.default\">\n\t\t\t\t<div class=\"elementor-widget-container\">\n\t\t\t\t\t\t\t<div class=\"elementor-social-icons-wrapper elementor-grid\" role=\"list\">\n\t\t\t\t\t\t\t<span class=\"elementor-grid-item\" role=\"listitem\">\n\t\t\t\t\t<a class=\"elementor-icon elementor-social-icon elementor-social-icon-facebook elementor-repeater-item-1791080\" target=\"_blank\">\n\t\t\t\t\t\t<span class=\"elementor-screen-only\">Facebook<\/span>\n\t\t\t\t\t\t<i aria-hidden=\"true\" class=\"fab fa-facebook\"><\/i>\t\t\t\t\t<\/a>\n\t\t\t\t<\/span>\n\t\t\t\t\t\t\t<span class=\"elementor-grid-item\" role=\"listitem\">\n\t\t\t\t\t<a class=\"elementor-icon elementor-social-icon elementor-social-icon-twitter elementor-repeater-item-3e83bef\" target=\"_blank\">\n\t\t\t\t\t\t<span class=\"elementor-screen-only\">Twitter<\/span>\n\t\t\t\t\t\t<i aria-hidden=\"true\" class=\"fab fa-twitter\"><\/i>\t\t\t\t\t<\/a>\n\t\t\t\t<\/span>\n\t\t\t\t\t\t\t<span class=\"elementor-grid-item\" role=\"listitem\">\n\t\t\t\t\t<a class=\"elementor-icon elementor-social-icon elementor-social-icon-youtube elementor-repeater-item-e9e75b8\" target=\"_blank\">\n\t\t\t\t\t\t<span class=\"elementor-screen-only\">Youtube<\/span>\n\t\t\t\t\t\t<i aria-hidden=\"true\" class=\"fab fa-youtube\"><\/i>\t\t\t\t\t<\/a>\n\t\t\t\t<\/span>\n\t\t\t\t\t\t\t<span class=\"elementor-grid-item\" role=\"listitem\">\n\t\t\t\t\t<a class=\"elementor-icon elementor-social-icon elementor-social-icon-instagram elementor-repeater-item-8115d3a\" target=\"_blank\">\n\t\t\t\t\t\t<span class=\"elementor-screen-only\">Instagram<\/span>\n\t\t\t\t\t\t<i aria-hidden=\"true\" class=\"fab fa-instagram\"><\/i>\t\t\t\t\t<\/a>\n\t\t\t\t<\/span>\n\t\t\t\t\t<\/div>\n\t\t\t\t\t\t<\/div>\n\t\t\t\t<\/div>\n\t\t\t\t\t<\/div>\n\t\t<\/div>\n\t\t\t\t<div class=\"elementor-column elementor-col-50 elementor-top-column elementor-element elementor-element-fee4e45\" data-id=\"fee4e45\" data-element_type=\"column\" data-e-type=\"column\">\n\t\t\t<div class=\"elementor-widget-wrap elementor-element-populated\">\n\t\t\t\t\t\t<div class=\"elementor-element elementor-element-e020894 wd-width-100 elementor-widget elementor-widget-wd_title\" data-id=\"e020894\" data-element_type=\"widget\" data-e-type=\"widget\" data-widget_type=\"wd_title.default\">\n\t\t\t\t<div class=\"elementor-widget-container\">\n\t\t\t\t\t\t\t<div class=\"title-wrapper wd-set-mb reset-last-child wd-title-color-default wd-title-style-default wd-title-size-default text-left\">\n\n\t\t\t\n\t\t\t<div class=\"liner-continer\">\n\t\t\t\t<h4 class=\"woodmart-title-container title wd-fontsize-l\">Contact form<\/h4> \n\t\t\t\t\t\t\t<\/div>\n\n\t\t\t\t\t<\/div>\n\t\t\t\t\t\t<\/div>\n\t\t\t\t<\/div>\n\t\t\t\t<div class=\"elementor-element elementor-element-8446574 elementor-widget elementor-widget-wpforms\" data-id=\"8446574\" data-element_type=\"widget\" data-e-type=\"widget\" data-widget_type=\"wpforms.default\">\n\t\t\t\t<div class=\"elementor-widget-container\">\n\t\t\t\t\t\r\n<style type=\"text\/css\">\r\n\r\n\r\n\r\n\r\n\r\n\r\n\r\n\r\n\r\n\r\n\r\n\r\n\r\n\tbody #wpforms-10773 .wpforms-form .wpforms-field textarea {\r\n\t\tpadding:15px 10px 6px 20px  ;border-width:1px ;border-color:#000000 ;border-radius:10px ;-web-border-radius:10px ;-moz-border-radius:10px ;\t\t\t\t}\r\n\r\n \r\n\r\n\tbody #wpforms-10773 .wpforms-form .wpforms-field select {\r\n\r\n\t\t\r\n\t\tborder-width: 1px;\t}\r\n\r\n\t\/* dropdown styles on modern background *\/\r\n\tbody #wpforms-10773 .wpforms-form .wpforms-field-select-style-modern .choices__inner{\r\n\t\t\t\t\r\n\t}\r\n\r\n\t\/* background color on modern dropdown *\/\r\n\t\r\n \r\n\tbody #wpforms-10773 .wpforms-form .wpforms-field-checkbox li label {\r\n\t\tfont-size:13px;\t}\r\n\r\n\r\n\r\n\/* Styling for Tablets *\/\r\n@media only screen and (max-width: 800px) and (min-width:481px) {\r\n\t\r\n\r\n\r\n\r\n}\r\n\r\n@media only screen and (max-width: 480px){\r\n\t\r\n\r\n\r\n\r\n}\r\n\/*Option to add custom CSS *\/\r\n\r\n\r\n\r\n\t\t<\/style>\r\n\t\t<div class=\"wpforms-container wpforms-container-full\" id=\"wpforms-10773\"><form id=\"wpforms-form-10773\" class=\"wpforms-validate wpforms-form wpforms-ajax-form\" data-formid=\"10773\" method=\"post\" enctype=\"multipart\/form-data\" action=\"\/en\/wp-json\/wp\/v2\/pages\/13380\" data-token=\"e754c13f7c5cc15379eaf066a9095c12\" data-token-time=\"1775348947\"><noscript class=\"wpforms-error-noscript\">Please enable JavaScript in your browser to complete this form.<\/noscript><div class=\"wpforms-field-container\"><div id=\"wpforms-10773-field_1-container\" class=\"wpforms-field wpforms-field-text\" data-field-id=\"1\"><label class=\"wpforms-field-label wpforms-label-hide\" for=\"wpforms-10773-field_1\">Vor - Nachname <span class=\"wpforms-required-label\">*<\/span><\/label><input type=\"text\" id=\"wpforms-10773-field_1\" class=\"wpforms-field-large wpforms-field-required\" name=\"wpforms[fields][1]\" placeholder=\"Vor - Nachname\" required><\/div><div id=\"wpforms-10773-field_3-container\" class=\"wpforms-field wpforms-field-email\" data-field-id=\"3\"><label class=\"wpforms-field-label wpforms-label-hide\" for=\"wpforms-10773-field_3\">E-Mail <span class=\"wpforms-required-label\">*<\/span><\/label><input type=\"email\" id=\"wpforms-10773-field_3\" class=\"wpforms-field-large wpforms-field-required\" name=\"wpforms[fields][3]\" placeholder=\"E-Mail\" spellcheck=\"false\" required><\/div><div id=\"wpforms-10773-field_10-container\" class=\"wpforms-field wpforms-field-phone\" data-field-id=\"10\"><label class=\"wpforms-field-label wpforms-label-hide\" for=\"wpforms-10773-field_10\">Tel \/ Mobil <span class=\"wpforms-required-label\">*<\/span><\/label><input type=\"tel\" id=\"wpforms-10773-field_10\" class=\"wpforms-field-large wpforms-field-required wpforms-smart-phone-field\" data-rule-smart-phone-field=\"true\" name=\"wpforms[fields][10]\" placeholder=\"Tel \/ Mobil\" aria-label=\"Tel \/ Mobil\" required><\/div><div id=\"wpforms-10773-field_5-container\" class=\"wpforms-field wpforms-field-text\" data-field-id=\"5\"><label class=\"wpforms-field-label wpforms-label-hide\" for=\"wpforms-10773-field_5\">In Welcher Stadt wollen oder haben Sie vor die Filiale zu er\u00f6ffnen? <span class=\"wpforms-required-label\">*<\/span><\/label><input type=\"text\" id=\"wpforms-10773-field_5\" class=\"wpforms-field-large wpforms-field-required\" name=\"wpforms[fields][5]\" placeholder=\"In Welcher Stadt wollen oder haben Sie vor die Filiale zu er\u00f6ffnen?\" required><\/div><div id=\"wpforms-10773-field_6-container\" class=\"wpforms-field wpforms-field-text\" data-field-id=\"6\"><label class=\"wpforms-field-label wpforms-label-hide\" for=\"wpforms-10773-field_6\">Welchen Beruf \u00fcben Sie gerade aus?<\/label><input type=\"text\" id=\"wpforms-10773-field_6\" class=\"wpforms-field-large\" name=\"wpforms[fields][6]\" placeholder=\"Welchen Beruf \u00fcben Sie gerade aus?\" ><\/div><div id=\"wpforms-10773-field_11-container\" class=\"wpforms-field wpforms-field-select wpforms-field-select-style-classic\" data-field-id=\"11\"><label class=\"wpforms-field-label wpforms-label-hide\" for=\"wpforms-10773-field_11\">Wie hoch ist Ihr Investitionsbudget?  <span class=\"wpforms-required-label\">*<\/span><\/label><select id=\"wpforms-10773-field_11\" class=\"wpforms-field-large wpforms-field-required\" name=\"wpforms[fields][11]\" required=\"required\"><option value=\"\" class=\"placeholder\" disabled  selected='selected'>Wie hoch ist Ihr Investitionsbudget? <\/option><option value=\"40.000 \u20ac - 60.000 \u20ac \"  class=\"choice-1 depth-1\"  >40.000 \u20ac - 60.000 \u20ac<\/option><option value=\"60.000 \u20ac - 100.000 \u20ac \"  class=\"choice-2 depth-1\"  >60.000 \u20ac - 100.000 \u20ac<\/option><option value=\"100.000 \u20ac +\"  class=\"choice-3 depth-1\"  >100.000 \u20ac +<\/option><\/select><\/div><div id=\"wpforms-10773-field_12-container\" class=\"wpforms-field wpforms-field-textarea\" data-field-id=\"12\"><label class=\"wpforms-field-label wpforms-label-hide\" for=\"wpforms-10773-field_12\">M\u00f6chten Sie uns noch etwas mitteilen?<\/label><textarea id=\"wpforms-10773-field_12\" class=\"wpforms-field-medium\" name=\"wpforms[fields][12]\" placeholder=\"M\u00f6chten Sie uns noch etwas mitteilen?\" ><\/textarea><\/div><div id=\"wpforms-10773-field_9-container\" class=\"wpforms-field wpforms-field-checkbox\" data-field-id=\"9\"><label class=\"wpforms-field-label wpforms-label-hide\">Acceptance <span class=\"wpforms-required-label\">*<\/span><\/label><ul id=\"wpforms-10773-field_9\" class=\"wpforms-field-required\"><li class=\"choice-1 depth-1\"><input type=\"checkbox\" id=\"wpforms-10773-field_9_1\" name=\"wpforms[fields][9][]\" value=\"Ich bin mit den Datenschutzbestimmungen, der Verwendung meiner Daten zur Verarbeitung meiner Anfrage und der Zusendung weiterer Informationen per E-Mail einverstanden.\" required ><label class=\"wpforms-field-label-inline\" for=\"wpforms-10773-field_9_1\">Ich bin mit den Datenschutzbestimmungen, der Verwendung meiner Daten zur Verarbeitung meiner Anfrage und der Zusendung weiterer Informationen per E-Mail einverstanden.<\/label><\/li><\/ul><\/div><\/div><!-- .wpforms-field-container --><div class=\"wpforms-submit-container\" ><input type=\"hidden\" name=\"wpforms[id]\" value=\"10773\"><input type=\"hidden\" name=\"page_title\" value=\"\"><input type=\"hidden\" name=\"page_url\" value=\"https:\/\/cigkoftem.eu\/en\/wp-json\/wp\/v2\/pages\/13380\"><input type=\"hidden\" name=\"url_referer\" value=\"\"><button type=\"submit\" name=\"wpforms[submit]\" id=\"wpforms-submit-10773\" class=\"wpforms-submit\" data-alt-text=\"Sending...\" data-submit-text=\"JETZT BEWERBEN\" aria-live=\"assertive\" value=\"wpforms-submit\">JETZT BEWERBEN<\/button><img loading=\"lazy\" decoding=\"async\" src=\"https:\/\/cigkoftem.eu\/wp-content\/plugins\/wpforms\/assets\/images\/submit-spin.svg\" class=\"wpforms-submit-spinner\" style=\"display: none;\" width=\"26\" height=\"26\" alt=\"Loading\"><\/div><\/form><\/div>  <!-- .wpforms-container -->\t\t\t\t<\/div>\n\t\t\t\t<\/div>\n\t\t\t\t\t<\/div>\n\t\t<\/div>\n\t\t\t\t\t<\/div>\n\t\t<\/section>\n\t\t\t\t<section class=\"wd-negative-gap elementor-section elementor-top-section elementor-element elementor-element-cccda20 elementor-section-boxed elementor-section-height-default elementor-section-height-default\" data-id=\"cccda20\" data-element_type=\"section\" data-e-type=\"section\">\n\t\t\t\t\t\t<div class=\"elementor-container elementor-column-gap-default\">\n\t\t\t\t\t<div class=\"elementor-column elementor-col-100 elementor-top-column elementor-element elementor-element-0d0e9b6\" data-id=\"0d0e9b6\" data-element_type=\"column\" data-e-type=\"column\">\n\t\t\t<div class=\"elementor-widget-wrap elementor-element-populated\">\n\t\t\t\t\t\t<div class=\"elementor-element elementor-element-4a12524 elementor-widget elementor-widget-google_maps\" data-id=\"4a12524\" data-element_type=\"widget\" data-e-type=\"widget\" data-widget_type=\"google_maps.default\">\n\t\t\t\t<div class=\"elementor-widget-container\">\n\t\t\t\t\t\t\t<div class=\"elementor-custom-embed\">\n\t\t\t <div class=\"brlbs-cmpnt-container brlbs-cmpnt-content-blocker brlbs-cmpnt-with-individual-styles\" data-borlabs-cookie-content-blocker-id=\"google-maps\" data-borlabs-cookie-content=\"PGlmcmFtZSBsb2FkaW5nPSJsYXp5IgoJCQkJCXNyYz0iaHR0cHM6Ly9tYXBzLmdvb2dsZS5jb20vbWFwcz9xPUhhbW1lciUyMExhbmRzdHIuJTIwMTEzJTIwNDE0NjAlMjBOZXVzcyYjMDM4O3Q9bSYjMDM4O3o9MTAmIzAzODtvdXRwdXQ9ZW1iZWQmIzAzODtpd2xvYz1uZWFyIgoJCQkJCXRpdGxlPSJIYW1tZXIgTGFuZHN0ci4gMTEzIDQxNDYwIE5ldXNzIgoJCQkJCWFyaWEtbGFiZWw9IkhhbW1lciBMYW5kc3RyLiAxMTMgNDE0NjAgTmV1c3MiCgkJCT48L2lmcmFtZT4=\"><div class=\"brlbs-cmpnt-cb-preset-b brlbs-cmpnt-cb-google-maps\"> <div class=\"brlbs-cmpnt-cb-thumbnail\" style=\"background-image: url('https:\/\/cigkoftem.eu\/wp-content\/uploads\/borlabs-cookie\/1\/brlbs-cb-google-maps-main.png')\"><\/div> <div class=\"brlbs-cmpnt-cb-main\"> <div class=\"brlbs-cmpnt-cb-content\"> <p class=\"brlbs-cmpnt-cb-description\">You are currently viewing a placeholder content from <strong>Google Maps<\/strong>. To access the actual content, click the button below. Please note that doing so will share data with third-party providers.<\/p> <a class=\"brlbs-cmpnt-cb-provider-toggle\" href=\"#\" data-borlabs-cookie-show-provider-information role=\"button\">More Information<\/a> <\/div> <div class=\"brlbs-cmpnt-cb-buttons\"> <a class=\"brlbs-cmpnt-cb-btn\" href=\"#\" data-borlabs-cookie-unblock role=\"button\">Unblock content<\/a> <a class=\"brlbs-cmpnt-cb-btn\" href=\"#\" data-borlabs-cookie-accept-service role=\"button\" style=\"display: inherit\">Accept required service and unblock content<\/a> <\/div> <\/div> <\/div><\/div>\n\t\t<\/div>\n\t\t\t\t\t\t<\/div>\n\t\t\t\t<\/div>\n\t\t\t\t\t<\/div>\n\t\t<\/div>\n\t\t\t\t\t<\/div>\n\t\t<\/section>\n\t\t\t\t<\/div>\n\t\t","protected":false},"excerpt":{"rendered":"<p>\u00c7I\u0307\u011eK\u00d6FTEM EUROPE EM Europe GmbH Hammer Landstr. 113 &#8211; 41460 Neuss \/ Germany Tel: +49 2131 2949820 Tel: +49 2131<\/p>\n","protected":false},"author":4,"featured_media":0,"parent":0,"menu_order":0,"comment_status":"closed","ping_status":"closed","template":"","meta":{"two_page_speed":[],"footnotes":""},"class_list":["post-13380","page","type-page","status-publish","hentry"],"_links":{"self":[{"href":"https:\/\/cigkoftem.eu\/en\/wp-json\/wp\/v2\/pages\/13380","targetHints":{"allow":["GET"]}}],"collection":[{"href":"https:\/\/cigkoftem.eu\/en\/wp-json\/wp\/v2\/pages"}],"about":[{"href":"https:\/\/cigkoftem.eu\/en\/wp-json\/wp\/v2\/types\/page"}],"author":[{"embeddable":true,"href":"https:\/\/cigkoftem.eu\/en\/wp-json\/wp\/v2\/users\/4"}],"replies":[{"embeddable":true,"href":"https:\/\/cigkoftem.eu\/en\/wp-json\/wp\/v2\/comments?post=13380"}],"version-history":[{"count":2,"href":"https:\/\/cigkoftem.eu\/en\/wp-json\/wp\/v2\/pages\/13380\/revisions"}],"predecessor-version":[{"id":13388,"href":"https:\/\/cigkoftem.eu\/en\/wp-json\/wp\/v2\/pages\/13380\/revisions\/13388"}],"wp:attachment":[{"href":"https:\/\/cigkoftem.eu\/en\/wp-json\/wp\/v2\/media?parent=13380"}],"curies":[{"name":"wp","href":"https:\/\/api.w.org\/{rel}","templated":true}]}}