{"id":13394,"date":"2022-08-26T10:07:00","date_gmt":"2022-08-26T10:07:00","guid":{"rendered":"https:\/\/cigkoftem.eu\/history\/"},"modified":"2023-10-26T21:19:01","modified_gmt":"2023-10-26T21:19:01","slug":"history","status":"publish","type":"page","link":"https:\/\/cigkoftem.eu\/en\/history\/","title":{"rendered":"History"},"content":{"rendered":"\t\t<div data-elementor-type=\"wp-page\" data-elementor-id=\"13394\" class=\"elementor elementor-13394 elementor-8617\">\n\t\t\t\t\t\t<section class=\"wd-negative-gap elementor-section elementor-top-section elementor-element elementor-element-3c548bca elementor-section-boxed elementor-section-height-default elementor-section-height-default\" data-id=\"3c548bca\" data-element_type=\"section\" data-e-type=\"section\">\n\t\t\t\t\t\t<div class=\"elementor-container elementor-column-gap-default\">\n\t\t\t\t\t<div class=\"elementor-column elementor-col-50 elementor-top-column elementor-element elementor-element-1d354ed7\" data-id=\"1d354ed7\" data-element_type=\"column\" data-e-type=\"column\">\n\t\t\t<div class=\"elementor-widget-wrap elementor-element-populated\">\n\t\t\t\t\t\t<div class=\"elementor-element elementor-element-3b8f1c6 elementor-widget elementor-widget-wd_image_or_svg\" data-id=\"3b8f1c6\" data-element_type=\"widget\" data-e-type=\"widget\" data-widget_type=\"wd_image_or_svg.default\">\n\t\t\t\t<div class=\"elementor-widget-container\">\n\t\t\t\t\t\n\t\t<div class=\"wd-image text-left\">\n\t\t\t\t\t\t\t\t<img loading=\"lazy\" decoding=\"async\" width=\"1000\" height=\"791\" src=\"https:\/\/cigkoftem.eu\/wp-content\/uploads\/2022\/08\/History-Bild.png\" class=\"attachment-full size-full\" alt=\"Geschichte von Cigk\u00f6ftem.\" srcset=\"https:\/\/cigkoftem.eu\/wp-content\/uploads\/2022\/08\/History-Bild.png 1000w, https:\/\/cigkoftem.eu\/wp-content\/uploads\/2022\/08\/History-Bild-600x475.png 600w, https:\/\/cigkoftem.eu\/wp-content\/uploads\/2022\/08\/History-Bild-150x119.png 150w, https:\/\/cigkoftem.eu\/wp-content\/uploads\/2022\/08\/History-Bild-700x554.png 700w, https:\/\/cigkoftem.eu\/wp-content\/uploads\/2022\/08\/History-Bild-379x300.png 379w, https:\/\/cigkoftem.eu\/wp-content\/uploads\/2022\/08\/History-Bild-768x607.png 768w, https:\/\/cigkoftem.eu\/wp-content\/uploads\/2022\/08\/History-Bild-860x680.png 860w, https:\/\/cigkoftem.eu\/wp-content\/uploads\/2022\/08\/History-Bild-430x340.png 430w\" sizes=\"auto, (max-width: 1000px) 100vw, 1000px\" \/>\t\t\t\t\t<\/div>\n\n\t\t\t\t\t\t<\/div>\n\t\t\t\t<\/div>\n\t\t\t\t\t<\/div>\n\t\t<\/div>\n\t\t\t\t<div class=\"elementor-column elementor-col-50 elementor-top-column elementor-element elementor-element-7a9daa7\" data-id=\"7a9daa7\" data-element_type=\"column\" data-e-type=\"column\">\n\t\t\t<div class=\"elementor-widget-wrap elementor-element-populated\">\n\t\t\t\t\t\t<div class=\"elementor-element elementor-element-18566191 wd-width-100 elementor-widget elementor-widget-wd_title\" data-id=\"18566191\" data-element_type=\"widget\" data-e-type=\"widget\" data-widget_type=\"wd_title.default\">\n\t\t\t\t<div class=\"elementor-widget-container\">\n\t\t\t\t\t\t\t<div class=\"title-wrapper wd-set-mb reset-last-child wd-title-color-primary wd-title-style-default wd-title-size-default text-left\">\n\n\t\t\t\t\t\t\t\t\t\t\t<div class=\"title-subtitle subtitle-color-primary subtitle-style-default wd-fontsize-xs\">\n\t\t\t\t\tTHE IDEA\t\t\t\t<\/div>\n\t\t\t\n\t\t\t<div class=\"liner-continer\">\n\t\t\t\t<h3 class=\"woodmart-title-container title wd-fontsize-l\">Our history<\/h3> \n\t\t\t\t\t\t\t<\/div>\n\n\t\t\t\t\t\t\t<div class=\"title-after_title reset-last-child wd-fontsize-xs\">\n\t\t\t\t\t<p><em><span style=\"font-weight: 400\">In 1993, three young entrepreneur brothers, under the leadership of today's CEO Erdogan G\u00fcner, founded what is now EM GROUP.<\/span><\/em><\/p>\t\t\t\t<\/div>\n\t\t\t\t\t<\/div>\n\t\t\t\t\t\t<\/div>\n\t\t\t\t<\/div>\n\t\t\t\t<div class=\"elementor-element elementor-element-cf34ae6 elementor-widget elementor-widget-wd_text_block\" data-id=\"cf34ae6\" data-element_type=\"widget\" data-e-type=\"widget\" data-widget_type=\"wd_text_block.default\">\n\t\t\t\t<div class=\"elementor-widget-container\">\n\t\t\t\t\t\t\t<div class=\"wd-text-block reset-last-child text-left\">\n\t\t\t\n\t\t\t<p><span style=\"font-weight: 400;\">Initially, the service offered was limited to supplying supermarkets with fresh \u00c7i\u011fk\u00f6ftem. Here they quickly grew to a level where they could supply hundreds of supermarkets and prepare \u00c7i\u011fk\u00f6ftem fresh on the spot. But it was not only these successes that inspired the three brothers to think one step further, because the cooperating supermarkets began to demand an ever higher profit share with the increasing number of competitors on the market. This led the brothers to withdraw from cooperative ventures with supermarkets.<\/span><\/p>\n\t\t\t\t\t<\/div>\n\t\t\t\t\t\t<\/div>\n\t\t\t\t<\/div>\n\t\t\t\t\t<\/div>\n\t\t<\/div>\n\t\t\t\t\t<\/div>\n\t\t<\/section>\n\t\t\t\t<section class=\"wd-negative-gap elementor-section elementor-top-section elementor-element elementor-element-00c763e elementor-reverse-tablet elementor-section-boxed elementor-section-height-default elementor-section-height-default\" data-id=\"00c763e\" data-element_type=\"section\" data-e-type=\"section\">\n\t\t\t\t\t\t<div class=\"elementor-container elementor-column-gap-default\">\n\t\t\t\t\t<div class=\"elementor-column elementor-col-50 elementor-top-column elementor-element elementor-element-b9eeccb\" data-id=\"b9eeccb\" data-element_type=\"column\" data-e-type=\"column\">\n\t\t\t<div class=\"elementor-widget-wrap elementor-element-populated\">\n\t\t\t\t\t\t<div class=\"elementor-element elementor-element-9afd184 elementor-widget elementor-widget-wd_image_or_svg\" data-id=\"9afd184\" data-element_type=\"widget\" data-e-type=\"widget\" data-widget_type=\"wd_image_or_svg.default\">\n\t\t\t\t<div class=\"elementor-widget-container\">\n\t\t\t\t\t\n\t\t<div class=\"wd-image text-left\">\n\t\t\t\t\t\t\t\t<img loading=\"lazy\" decoding=\"async\" width=\"1300\" height=\"800\" src=\"https:\/\/cigkoftem.eu\/wp-content\/uploads\/2022\/09\/Cigko\u0308ftem-Photos-012.png\" class=\"attachment-full size-full\" alt=\"Sushi Alternative T\u00fcrkisch vegan\" srcset=\"https:\/\/cigkoftem.eu\/wp-content\/uploads\/2022\/09\/Cigko\u0308ftem-Photos-012.png 1300w, https:\/\/cigkoftem.eu\/wp-content\/uploads\/2022\/09\/Cigko\u0308ftem-Photos-012-600x369.png 600w, https:\/\/cigkoftem.eu\/wp-content\/uploads\/2022\/09\/Cigko\u0308ftem-Photos-012-150x92.png 150w, https:\/\/cigkoftem.eu\/wp-content\/uploads\/2022\/09\/Cigko\u0308ftem-Photos-012-1200x738.png 1200w, https:\/\/cigkoftem.eu\/wp-content\/uploads\/2022\/09\/Cigko\u0308ftem-Photos-012-400x246.png 400w, https:\/\/cigkoftem.eu\/wp-content\/uploads\/2022\/09\/Cigko\u0308ftem-Photos-012-768x473.png 768w\" sizes=\"auto, (max-width: 1300px) 100vw, 1300px\" \/>\t\t\t\t\t<\/div>\n\n\t\t\t\t\t\t<\/div>\n\t\t\t\t<\/div>\n\t\t\t\t\t<\/div>\n\t\t<\/div>\n\t\t\t\t<div class=\"elementor-column elementor-col-50 elementor-top-column elementor-element elementor-element-b9fbe13\" data-id=\"b9fbe13\" data-element_type=\"column\" data-e-type=\"column\">\n\t\t\t<div class=\"elementor-widget-wrap elementor-element-populated\">\n\t\t\t\t\t\t<div class=\"elementor-element elementor-element-53026ce wd-width-100 elementor-widget elementor-widget-wd_title\" data-id=\"53026ce\" data-element_type=\"widget\" data-e-type=\"widget\" data-widget_type=\"wd_title.default\">\n\t\t\t\t<div class=\"elementor-widget-container\">\n\t\t\t\t\t\t\t<div class=\"title-wrapper wd-set-mb reset-last-child wd-title-color-primary wd-title-style-default wd-title-size-default text-left\">\n\n\t\t\t\t\t\t\t\t\t\t\t<div class=\"title-subtitle subtitle-color-primary subtitle-style-default wd-fontsize-xs\">\n\t\t\t\t\tEXPANSION\t\t\t\t<\/div>\n\t\t\t\n\t\t\t<div class=\"liner-continer\">\n\t\t\t\t<h3 class=\"woodmart-title-container title wd-fontsize-l\">From times of crisis to the idea of success<br \/>\n<\/h3> \n\t\t\t\t\t\t\t<\/div>\n\n\t\t\t\t\t\t\t<div class=\"title-after_title reset-last-child wd-fontsize-xs\">\n\t\t\t\t\t<p><em><span style=\"font-weight: 400\">So the G\u00fcner brothers had to reorient themselves and master new challenges.<\/span><\/em><\/p>\t\t\t\t<\/div>\n\t\t\t\t\t<\/div>\n\t\t\t\t\t\t<\/div>\n\t\t\t\t<\/div>\n\t\t\t\t<div class=\"elementor-element elementor-element-e8ef7a0 elementor-widget elementor-widget-wd_text_block\" data-id=\"e8ef7a0\" data-element_type=\"widget\" data-e-type=\"widget\" data-widget_type=\"wd_text_block.default\">\n\t\t\t\t<div class=\"elementor-widget-container\">\n\t\t\t\t\t\t\t<div class=\"wd-text-block reset-last-child text-left\">\n\t\t\t\n\t\t\t<p><span style=\"font-weight: 400;\">But with their now more than ten years of experience in the production of cigk\u00f6ftem and the lessons learned from all those years of intense activity in the market, they were now ready to explore new ways to achieve greater success. So in 2005, the brothers opened their first Cigk\u00f6ftem store in Istanbul. In the beginning, the siblings had to cope with those who ridiculed their idea and did not see any success in it. But they believed in the idea, had faith in the quality and taste of their products and were not deterred. Within a very short time, they reached a previously unimaginably large clientele.<\/span><\/p>\n\t\t\t\t\t<\/div>\n\t\t\t\t\t\t<\/div>\n\t\t\t\t<\/div>\n\t\t\t\t\t<\/div>\n\t\t<\/div>\n\t\t\t\t\t<\/div>\n\t\t<\/section>\n\t\t\t\t<section class=\"wd-negative-gap elementor-section elementor-top-section elementor-element elementor-element-b710f22 elementor-section-boxed elementor-section-height-default elementor-section-height-default\" data-id=\"b710f22\" data-element_type=\"section\" data-e-type=\"section\">\n\t\t\t\t\t\t<div class=\"elementor-container elementor-column-gap-default\">\n\t\t\t\t\t<div class=\"elementor-column elementor-col-50 elementor-top-column elementor-element elementor-element-62ac6f7\" data-id=\"62ac6f7\" data-element_type=\"column\" data-e-type=\"column\">\n\t\t\t<div class=\"elementor-widget-wrap elementor-element-populated\">\n\t\t\t\t\t\t<div class=\"elementor-element elementor-element-20b242e elementor-widget elementor-widget-image\" data-id=\"20b242e\" data-element_type=\"widget\" data-e-type=\"widget\" data-widget_type=\"image.default\">\n\t\t\t\t<div class=\"elementor-widget-container\">\n\t\t\t\t\t\t\t\t\t\t\t\t\t\t\t<img loading=\"lazy\" decoding=\"async\" width=\"1271\" height=\"1349\" src=\"https:\/\/cigkoftem.eu\/wp-content\/uploads\/2022\/09\/Cigko\u0308ftem-Photos-029.png\" class=\"attachment-full size-full wp-image-12981\" alt=\"\" srcset=\"https:\/\/cigkoftem.eu\/wp-content\/uploads\/2022\/09\/Cigko\u0308ftem-Photos-029.png 1271w, https:\/\/cigkoftem.eu\/wp-content\/uploads\/2022\/09\/Cigko\u0308ftem-Photos-029-283x300.png 283w, https:\/\/cigkoftem.eu\/wp-content\/uploads\/2022\/09\/Cigko\u0308ftem-Photos-029-754x800.png 754w, https:\/\/cigkoftem.eu\/wp-content\/uploads\/2022\/09\/Cigko\u0308ftem-Photos-029-768x815.png 768w, https:\/\/cigkoftem.eu\/wp-content\/uploads\/2022\/09\/Cigko\u0308ftem-Photos-029-1200x1274.png 1200w, https:\/\/cigkoftem.eu\/wp-content\/uploads\/2022\/09\/Cigko\u0308ftem-Photos-029-565x600.png 565w, https:\/\/cigkoftem.eu\/wp-content\/uploads\/2022\/09\/Cigko\u0308ftem-Photos-029-600x637.png 600w, https:\/\/cigkoftem.eu\/wp-content\/uploads\/2022\/09\/Cigko\u0308ftem-Photos-029-150x159.png 150w\" sizes=\"auto, (max-width: 1271px) 100vw, 1271px\" \/>\t\t\t\t\t\t\t\t\t\t\t\t\t\t\t<\/div>\n\t\t\t\t<\/div>\n\t\t\t\t\t<\/div>\n\t\t<\/div>\n\t\t\t\t<div class=\"elementor-column elementor-col-50 elementor-top-column elementor-element elementor-element-60e6827\" data-id=\"60e6827\" data-element_type=\"column\" data-e-type=\"column\">\n\t\t\t<div class=\"elementor-widget-wrap elementor-element-populated\">\n\t\t\t\t\t\t<div class=\"elementor-element elementor-element-478fea3 wd-width-100 elementor-widget elementor-widget-wd_title\" data-id=\"478fea3\" data-element_type=\"widget\" data-e-type=\"widget\" data-widget_type=\"wd_title.default\">\n\t\t\t\t<div class=\"elementor-widget-container\">\n\t\t\t\t\t\t\t<div class=\"title-wrapper wd-set-mb reset-last-child wd-title-color-primary wd-title-style-default wd-title-size-default text-left\">\n\n\t\t\t\t\t\t\t\t\t\t\t<div class=\"title-subtitle subtitle-color-primary subtitle-style-default wd-fontsize-xs\">\n\t\t\t\t\tAWARDS AND PRIZES\t\t\t\t<\/div>\n\t\t\t\n\t\t\t<div class=\"liner-continer\">\n\t\t\t\t<h3 class=\"woodmart-title-container title wd-fontsize-l\">Rapid growth<br \/>\n<\/h3> \n\t\t\t\t\t\t\t<\/div>\n\n\t\t\t\t\t\t\t<div class=\"title-after_title reset-last-child wd-fontsize-xs\">\n\t\t\t\t\t<p><em><span style=\"font-weight: 400\">From now on, things went steeply uphill for the G\u00fcner brothers.<\/span><\/em><\/p>\t\t\t\t<\/div>\n\t\t\t\t\t<\/div>\n\t\t\t\t\t\t<\/div>\n\t\t\t\t<\/div>\n\t\t\t\t<div class=\"elementor-element elementor-element-ab58f91 elementor-widget elementor-widget-wd_text_block\" data-id=\"ab58f91\" data-element_type=\"widget\" data-e-type=\"widget\" data-widget_type=\"wd_text_block.default\">\n\t\t\t\t<div class=\"elementor-widget-container\">\n\t\t\t\t\t\t\t<div class=\"wd-text-block reset-last-child text-left\">\n\t\t\t\n\t\t\t<p><span style=\"font-weight: 400;\">Within a few months, they opened more stores. After only four years, the first branch was opened in Europe. A milestone! Today, Cigk\u00f6ftem offers a wide range of products, allowing customers across Europe to enjoy healthy and delicious food.<\/span><\/p><p><span style=\"font-weight: 400;\">The successes in Europe led to \u00c7i\u011fk\u00f6ftem winning the German Design Council's Best Franchise Company Award in 2014. Two years later, \u00c7i\u011fk\u00f6ftem won the Superior Taste Award of the Belgian \"International Taste Institute\".<\/span><\/p>\n\t\t\t\t\t<\/div>\n\t\t\t\t\t\t<\/div>\n\t\t\t\t<\/div>\n\t\t\t\t\t<\/div>\n\t\t<\/div>\n\t\t\t\t\t<\/div>\n\t\t<\/section>\n\t\t\t\t<section class=\"wd-negative-gap elementor-section elementor-top-section elementor-element elementor-element-df79730 elementor-reverse-tablet elementor-section-boxed elementor-section-height-default elementor-section-height-default\" data-id=\"df79730\" data-element_type=\"section\" data-e-type=\"section\">\n\t\t\t\t\t\t<div class=\"elementor-container elementor-column-gap-default\">\n\t\t\t\t\t<div class=\"elementor-column elementor-col-50 elementor-top-column elementor-element elementor-element-ede9bb0\" data-id=\"ede9bb0\" data-element_type=\"column\" data-e-type=\"column\">\n\t\t\t<div class=\"elementor-widget-wrap elementor-element-populated\">\n\t\t\t\t\t\t<div class=\"elementor-element elementor-element-6fb3f2b elementor-widget elementor-widget-wd_image_or_svg\" data-id=\"6fb3f2b\" data-element_type=\"widget\" data-e-type=\"widget\" data-widget_type=\"wd_image_or_svg.default\">\n\t\t\t\t<div class=\"elementor-widget-container\">\n\t\t\t\t\t\n\t\t<div class=\"wd-image text-left\">\n\t\t\t\t\t\t\t\t<img loading=\"lazy\" decoding=\"async\" width=\"2800\" height=\"1738\" src=\"https:\/\/cigkoftem.eu\/wp-content\/uploads\/2022\/08\/CIGKS\u0327FTEM-home-2.png\" class=\"attachment-full size-full\" alt=\"\" srcset=\"https:\/\/cigkoftem.eu\/wp-content\/uploads\/2022\/08\/CIGKS\u0327FTEM-home-2.png 2800w, https:\/\/cigkoftem.eu\/wp-content\/uploads\/2022\/08\/CIGKS\u0327FTEM-home-2-600x372.png 600w, https:\/\/cigkoftem.eu\/wp-content\/uploads\/2022\/08\/CIGKS\u0327FTEM-home-2-150x93.png 150w, https:\/\/cigkoftem.eu\/wp-content\/uploads\/2022\/08\/CIGKS\u0327FTEM-home-2-1200x745.png 1200w, https:\/\/cigkoftem.eu\/wp-content\/uploads\/2022\/08\/CIGKS\u0327FTEM-home-2-400x248.png 400w, https:\/\/cigkoftem.eu\/wp-content\/uploads\/2022\/08\/CIGKS\u0327FTEM-home-2-1289x800.png 1289w, https:\/\/cigkoftem.eu\/wp-content\/uploads\/2022\/08\/CIGKS\u0327FTEM-home-2-768x477.png 768w, https:\/\/cigkoftem.eu\/wp-content\/uploads\/2022\/08\/CIGKS\u0327FTEM-home-2-1536x953.png 1536w, https:\/\/cigkoftem.eu\/wp-content\/uploads\/2022\/08\/CIGKS\u0327FTEM-home-2-2048x1271.png 2048w\" sizes=\"auto, (max-width: 2800px) 100vw, 2800px\" \/>\t\t\t\t\t<\/div>\n\n\t\t\t\t\t\t<\/div>\n\t\t\t\t<\/div>\n\t\t\t\t\t<\/div>\n\t\t<\/div>\n\t\t\t\t<div class=\"elementor-column elementor-col-50 elementor-top-column elementor-element elementor-element-643c27c\" data-id=\"643c27c\" data-element_type=\"column\" data-e-type=\"column\">\n\t\t\t<div class=\"elementor-widget-wrap elementor-element-populated\">\n\t\t\t\t\t\t<div class=\"elementor-element elementor-element-6c9272c wd-width-100 elementor-widget elementor-widget-wd_title\" data-id=\"6c9272c\" data-element_type=\"widget\" data-e-type=\"widget\" data-widget_type=\"wd_title.default\">\n\t\t\t\t<div class=\"elementor-widget-container\">\n\t\t\t\t\t\t\t<div class=\"title-wrapper wd-set-mb reset-last-child wd-title-color-primary wd-title-style-default wd-title-size-default text-left\">\n\n\t\t\t\t\t\t\t\t\t\t\t<div class=\"title-subtitle subtitle-color-primary subtitle-style-default wd-fontsize-xs\">\n\t\t\t\t\tVEGAN IN EUROPE\t\t\t\t<\/div>\n\t\t\t\n\t\t\t<div class=\"liner-continer\">\n\t\t\t\t<h3 class=\"woodmart-title-container title wd-fontsize-l\">Success with over 100 branches<\/h3> \n\t\t\t\t\t\t\t<\/div>\n\n\t\t\t\t\t\t\t<div class=\"title-after_title reset-last-child wd-fontsize-xs\">\n\t\t\t\t\t<p><em><span style=\"font-weight: 400\">The success in Europe is impressive. In just a few years, the brand has been able to grow to a size that can compete with major franchised labels.<\/span><\/em><\/p>\t\t\t\t<\/div>\n\t\t\t\t\t<\/div>\n\t\t\t\t\t\t<\/div>\n\t\t\t\t<\/div>\n\t\t\t\t<div class=\"elementor-element elementor-element-c809418 elementor-widget elementor-widget-wd_text_block\" data-id=\"c809418\" data-element_type=\"widget\" data-e-type=\"widget\" data-widget_type=\"wd_text_block.default\">\n\t\t\t\t<div class=\"elementor-widget-container\">\n\t\t\t\t\t\t\t<div class=\"wd-text-block reset-last-child text-left\">\n\t\t\t\n\t\t\t<p><span style=\"font-weight: 400;\">Vegan fast food is popular. The trend shows a steep upward curve. With the delicious and modern, yet traditional products, Cigk\u00f6ftem has become a player in the market. You don't measure yourself against big chains and franchisor brands in the similar segment for nothing. More than 100 branches in Europe speak volumes.&nbsp;<\/span><\/p><p>Cigk\u00f6ftem will continue to write the Erfolsstory, present itself dynamically and redefine itself. And always when the market demands it. Cigk\u00f6ftem will remain modern and competitive and continue to conquer hearts in the vegan and healthy food segment!<\/p>\n\t\t\t\t\t<\/div>\n\t\t\t\t\t\t<\/div>\n\t\t\t\t<\/div>\n\t\t\t\t\t<\/div>\n\t\t<\/div>\n\t\t\t\t\t<\/div>\n\t\t<\/section>\n\t\t\t\t<section class=\"wd-negative-gap elementor-section elementor-top-section elementor-element elementor-element-1a6f30f8 elementor-section-boxed elementor-section-height-default elementor-section-height-default\" data-id=\"1a6f30f8\" data-element_type=\"section\" data-e-type=\"section\">\n\t\t\t\t\t\t<div class=\"elementor-container elementor-column-gap-extended\">\n\t\t\t\t\t<div class=\"elementor-column elementor-col-50 elementor-top-column elementor-element elementor-element-5a19e6bd\" data-id=\"5a19e6bd\" data-element_type=\"column\" data-e-type=\"column\">\n\t\t\t<div class=\"elementor-widget-wrap elementor-element-populated\">\n\t\t\t\t\t\t<div class=\"elementor-element elementor-element-6d4d13bc elementor-widget elementor-widget-video\" data-id=\"6d4d13bc\" data-element_type=\"widget\" data-e-type=\"widget\" data-settings=\"{&quot;youtube_url&quot;:&quot;https:\\\/\\\/www.youtube.com\\\/watch?v=4rcVMHzxzg8&quot;,&quot;video_type&quot;:&quot;youtube&quot;}\" data-widget_type=\"video.default\">\n\t\t\t\t<div class=\"elementor-widget-container\">\n\t\t\t\t\t\t\t<div class=\"elementor-wrapper elementor-open-inline\">\n\t\t\t<div class=\"elementor-video\"><\/div>\t\t<\/div>\n\t\t\t\t\t\t<\/div>\n\t\t\t\t<\/div>\n\t\t\t\t<div class=\"elementor-element elementor-element-f57816e wd-width-100 elementor-widget elementor-widget-wd_title\" data-id=\"f57816e\" data-element_type=\"widget\" data-e-type=\"widget\" data-widget_type=\"wd_title.default\">\n\t\t\t\t<div class=\"elementor-widget-container\">\n\t\t\t\t\t\t\t<div class=\"title-wrapper wd-set-mb reset-last-child wd-title-color-default wd-title-style-default wd-title-size-default text-center\">\n\n\t\t\t\n\t\t\t<div class=\"liner-continer\">\n\t\t\t\t<h3 class=\"woodmart-title-container title wd-fontsize-l\">Our image video<\/h3> \n\t\t\t\t\t\t\t<\/div>\n\n\t\t\t\t\t<\/div>\n\t\t\t\t\t\t<\/div>\n\t\t\t\t<\/div>\n\t\t\t\t<div class=\"elementor-element elementor-element-b1f2662 elementor-widget elementor-widget-wd_text_block\" data-id=\"b1f2662\" data-element_type=\"widget\" data-e-type=\"widget\" data-widget_type=\"wd_text_block.default\">\n\t\t\t\t<div class=\"elementor-widget-container\">\n\t\t\t\t\t\t\t<div class=\"wd-text-block reset-last-child text-center\">\n\t\t\t\n\t\t\t<p>Insight into the life of Cigk\u00f6ftem. How are the products made, how are they prepared and how are they served?<\/p>\n\t\t\t\t\t<\/div>\n\t\t\t\t\t\t<\/div>\n\t\t\t\t<\/div>\n\t\t\t\t\t<\/div>\n\t\t<\/div>\n\t\t\t\t<div class=\"elementor-column elementor-col-50 elementor-top-column elementor-element elementor-element-34177f2a\" data-id=\"34177f2a\" data-element_type=\"column\" data-e-type=\"column\">\n\t\t\t<div class=\"elementor-widget-wrap elementor-element-populated\">\n\t\t\t\t\t\t<div class=\"elementor-element elementor-element-474f5181 elementor-widget elementor-widget-video\" data-id=\"474f5181\" data-element_type=\"widget\" data-e-type=\"widget\" data-settings=\"{&quot;youtube_url&quot;:&quot;https:\\\/\\\/www.youtube.com\\\/watch?v=fDNtbiV45P8&quot;,&quot;video_type&quot;:&quot;youtube&quot;}\" data-widget_type=\"video.default\">\n\t\t\t\t<div class=\"elementor-widget-container\">\n\t\t\t\t\t\t\t<div class=\"elementor-wrapper elementor-open-inline\">\n\t\t\t<div class=\"elementor-video\"><\/div>\t\t<\/div>\n\t\t\t\t\t\t<\/div>\n\t\t\t\t<\/div>\n\t\t\t\t<div class=\"elementor-element elementor-element-32e86781 wd-width-100 elementor-widget elementor-widget-wd_title\" data-id=\"32e86781\" data-element_type=\"widget\" data-e-type=\"widget\" data-widget_type=\"wd_title.default\">\n\t\t\t\t<div class=\"elementor-widget-container\">\n\t\t\t\t\t\t\t<div class=\"title-wrapper wd-set-mb reset-last-child wd-title-color-default wd-title-style-default wd-title-size-default text-center\">\n\n\t\t\t\n\t\t\t<div class=\"liner-continer\">\n\t\t\t\t<h3 class=\"woodmart-title-container title wd-fontsize-l\">Franchising with us. This is how it works!<\/h3> \n\t\t\t\t\t\t\t<\/div>\n\n\t\t\t\t\t<\/div>\n\t\t\t\t\t\t<\/div>\n\t\t\t\t<\/div>\n\t\t\t\t<div class=\"elementor-element elementor-element-d06be5b elementor-widget elementor-widget-wd_text_block\" data-id=\"d06be5b\" data-element_type=\"widget\" data-e-type=\"widget\" data-widget_type=\"wd_text_block.default\">\n\t\t\t\t<div class=\"elementor-widget-container\">\n\t\t\t\t\t\t\t<div class=\"wd-text-block reset-last-child text-center\">\n\t\t\t\n\t\t\t<p><em>We consider our franchisees to be true partners and enjoy the success of each store!<\/em><\/p>\n\t\t\t\t\t<\/div>\n\t\t\t\t\t\t<\/div>\n\t\t\t\t<\/div>\n\t\t\t\t\t<\/div>\n\t\t<\/div>\n\t\t\t\t\t<\/div>\n\t\t<\/section>\n\t\t\t\t<\/div>\n\t\t","protected":false},"excerpt":{"rendered":"<p>THE IDEA Our history In 1993, three young entrepreneur brothers, under the leadership of today&#8217;s CEO Erdogan G\u00fcner, founded what<\/p>\n","protected":false},"author":4,"featured_media":0,"parent":0,"menu_order":0,"comment_status":"closed","ping_status":"closed","template":"","meta":{"two_page_speed":[],"footnotes":""},"class_list":["post-13394","page","type-page","status-publish","hentry"],"_links":{"self":[{"href":"https:\/\/cigkoftem.eu\/en\/wp-json\/wp\/v2\/pages\/13394","targetHints":{"allow":["GET"]}}],"collection":[{"href":"https:\/\/cigkoftem.eu\/en\/wp-json\/wp\/v2\/pages"}],"about":[{"href":"https:\/\/cigkoftem.eu\/en\/wp-json\/wp\/v2\/types\/page"}],"author":[{"embeddable":true,"href":"https:\/\/cigkoftem.eu\/en\/wp-json\/wp\/v2\/users\/4"}],"replies":[{"embeddable":true,"href":"https:\/\/cigkoftem.eu\/en\/wp-json\/wp\/v2\/comments?post=13394"}],"version-history":[{"count":2,"href":"https:\/\/cigkoftem.eu\/en\/wp-json\/wp\/v2\/pages\/13394\/revisions"}],"predecessor-version":[{"id":13401,"href":"https:\/\/cigkoftem.eu\/en\/wp-json\/wp\/v2\/pages\/13394\/revisions\/13401"}],"wp:attachment":[{"href":"https:\/\/cigkoftem.eu\/en\/wp-json\/wp\/v2\/media?parent=13394"}],"curies":[{"name":"wp","href":"https:\/\/api.w.org\/{rel}","templated":true}]}}