{"id":13398,"date":"2022-08-26T10:07:00","date_gmt":"2022-08-26T10:07:00","guid":{"rendered":"https:\/\/cigkoftem.eu\/histoire\/"},"modified":"2023-10-26T21:18:43","modified_gmt":"2023-10-26T21:18:43","slug":"histoire","status":"publish","type":"page","link":"https:\/\/cigkoftem.eu\/fr\/histoire\/","title":{"rendered":"Histoire"},"content":{"rendered":"\t\t<div data-elementor-type=\"wp-page\" data-elementor-id=\"13398\" class=\"elementor elementor-13398 elementor-8617\">\n\t\t\t\t\t\t<section class=\"wd-negative-gap elementor-section elementor-top-section elementor-element elementor-element-3c548bca elementor-section-boxed elementor-section-height-default elementor-section-height-default\" data-id=\"3c548bca\" data-element_type=\"section\" data-e-type=\"section\">\n\t\t\t\t\t\t<div class=\"elementor-container elementor-column-gap-default\">\n\t\t\t\t\t<div class=\"elementor-column elementor-col-50 elementor-top-column elementor-element elementor-element-1d354ed7\" data-id=\"1d354ed7\" data-element_type=\"column\" data-e-type=\"column\">\n\t\t\t<div class=\"elementor-widget-wrap elementor-element-populated\">\n\t\t\t\t\t\t<div class=\"elementor-element elementor-element-3b8f1c6 elementor-widget elementor-widget-wd_image_or_svg\" data-id=\"3b8f1c6\" data-element_type=\"widget\" data-e-type=\"widget\" data-widget_type=\"wd_image_or_svg.default\">\n\t\t\t\t<div class=\"elementor-widget-container\">\n\t\t\t\t\t\n\t\t<div class=\"wd-image text-left\">\n\t\t\t\t\t\t\t\t<img loading=\"lazy\" decoding=\"async\" width=\"1000\" height=\"791\" src=\"https:\/\/cigkoftem.eu\/wp-content\/uploads\/2022\/08\/History-Bild.png\" class=\"attachment-full size-full\" alt=\"Geschichte von Cigk\u00f6ftem.\" srcset=\"https:\/\/cigkoftem.eu\/wp-content\/uploads\/2022\/08\/History-Bild.png 1000w, https:\/\/cigkoftem.eu\/wp-content\/uploads\/2022\/08\/History-Bild-600x475.png 600w, https:\/\/cigkoftem.eu\/wp-content\/uploads\/2022\/08\/History-Bild-150x119.png 150w, https:\/\/cigkoftem.eu\/wp-content\/uploads\/2022\/08\/History-Bild-700x554.png 700w, https:\/\/cigkoftem.eu\/wp-content\/uploads\/2022\/08\/History-Bild-379x300.png 379w, https:\/\/cigkoftem.eu\/wp-content\/uploads\/2022\/08\/History-Bild-768x607.png 768w, https:\/\/cigkoftem.eu\/wp-content\/uploads\/2022\/08\/History-Bild-860x680.png 860w, https:\/\/cigkoftem.eu\/wp-content\/uploads\/2022\/08\/History-Bild-430x340.png 430w\" sizes=\"auto, (max-width: 1000px) 100vw, 1000px\" \/>\t\t\t\t\t<\/div>\n\n\t\t\t\t\t\t<\/div>\n\t\t\t\t<\/div>\n\t\t\t\t\t<\/div>\n\t\t<\/div>\n\t\t\t\t<div class=\"elementor-column elementor-col-50 elementor-top-column elementor-element elementor-element-7a9daa7\" data-id=\"7a9daa7\" data-element_type=\"column\" data-e-type=\"column\">\n\t\t\t<div class=\"elementor-widget-wrap elementor-element-populated\">\n\t\t\t\t\t\t<div class=\"elementor-element elementor-element-18566191 wd-width-100 elementor-widget elementor-widget-wd_title\" data-id=\"18566191\" data-element_type=\"widget\" data-e-type=\"widget\" data-widget_type=\"wd_title.default\">\n\t\t\t\t<div class=\"elementor-widget-container\">\n\t\t\t\t\t\t\t<div class=\"title-wrapper wd-set-mb reset-last-child wd-title-color-primary wd-title-style-default wd-title-size-default text-left\">\n\n\t\t\t\t\t\t\t\t\t\t\t<div class=\"title-subtitle subtitle-color-primary subtitle-style-default wd-fontsize-xs\">\n\t\t\t\t\tL'ID\u00c9E\t\t\t\t<\/div>\n\t\t\t\n\t\t\t<div class=\"liner-continer\">\n\t\t\t\t<h3 class=\"woodmart-title-container title wd-fontsize-l\">Notre histoire<\/h3> \n\t\t\t\t\t\t\t<\/div>\n\n\t\t\t\t\t\t\t<div class=\"title-after_title reset-last-child wd-fontsize-xs\">\n\t\t\t\t\t<p><em><span style=\"font-weight: 400\">En 1993, trois jeunes fr\u00e8res entrepreneurs, sous la direction de l'actuel PDG Erdogan G\u00fcner, ont fond\u00e9 l'actuel EM GROUP.<\/span><\/em><\/p>\t\t\t\t<\/div>\n\t\t\t\t\t<\/div>\n\t\t\t\t\t\t<\/div>\n\t\t\t\t<\/div>\n\t\t\t\t<div class=\"elementor-element elementor-element-cf34ae6 elementor-widget elementor-widget-wd_text_block\" data-id=\"cf34ae6\" data-element_type=\"widget\" data-e-type=\"widget\" data-widget_type=\"wd_text_block.default\">\n\t\t\t\t<div class=\"elementor-widget-container\">\n\t\t\t\t\t\t\t<div class=\"wd-text-block reset-last-child text-left\">\n\t\t\t\n\t\t\t<p><span style=\"font-weight: 400;\">Au d\u00e9but, le service propos\u00e9 se limitait \u00e0 la livraison de \u00c7i\u011fk\u00f6ftem frais aux supermarch\u00e9s. Ici, on a rapidement atteint un niveau qui permettait d'approvisionner des centaines de supermarch\u00e9s et de pr\u00e9parer des \u00c7i\u011fk\u00f6ftem frais sur place. Mais ce ne sont pas seulement ces succ\u00e8s qui ont inspir\u00e9 les trois fr\u00e8res \u00e0 penser plus loin, car les supermarch\u00e9s coop\u00e9rants ont commenc\u00e9 \u00e0 exiger une part de b\u00e9n\u00e9fice de plus en plus \u00e9lev\u00e9e avec le nombre croissant de concurrents sur le march\u00e9. Cela a conduit les fr\u00e8res \u00e0 se retirer de la coop\u00e9ration avec les supermarch\u00e9s.<\/span><\/p>\n\t\t\t\t\t<\/div>\n\t\t\t\t\t\t<\/div>\n\t\t\t\t<\/div>\n\t\t\t\t\t<\/div>\n\t\t<\/div>\n\t\t\t\t\t<\/div>\n\t\t<\/section>\n\t\t\t\t<section class=\"wd-negative-gap elementor-section elementor-top-section elementor-element elementor-element-00c763e elementor-reverse-tablet elementor-section-boxed elementor-section-height-default elementor-section-height-default\" data-id=\"00c763e\" data-element_type=\"section\" data-e-type=\"section\">\n\t\t\t\t\t\t<div class=\"elementor-container elementor-column-gap-default\">\n\t\t\t\t\t<div class=\"elementor-column elementor-col-50 elementor-top-column elementor-element elementor-element-b9eeccb\" data-id=\"b9eeccb\" data-element_type=\"column\" data-e-type=\"column\">\n\t\t\t<div class=\"elementor-widget-wrap elementor-element-populated\">\n\t\t\t\t\t\t<div class=\"elementor-element elementor-element-9afd184 elementor-widget elementor-widget-wd_image_or_svg\" data-id=\"9afd184\" data-element_type=\"widget\" data-e-type=\"widget\" data-widget_type=\"wd_image_or_svg.default\">\n\t\t\t\t<div class=\"elementor-widget-container\">\n\t\t\t\t\t\n\t\t<div class=\"wd-image text-left\">\n\t\t\t\t\t\t\t\t<img loading=\"lazy\" decoding=\"async\" width=\"1300\" height=\"800\" src=\"https:\/\/cigkoftem.eu\/wp-content\/uploads\/2022\/09\/Cigko\u0308ftem-Photos-012.png\" class=\"attachment-full size-full\" alt=\"Sushi Alternative T\u00fcrkisch vegan\" srcset=\"https:\/\/cigkoftem.eu\/wp-content\/uploads\/2022\/09\/Cigko\u0308ftem-Photos-012.png 1300w, https:\/\/cigkoftem.eu\/wp-content\/uploads\/2022\/09\/Cigko\u0308ftem-Photos-012-600x369.png 600w, https:\/\/cigkoftem.eu\/wp-content\/uploads\/2022\/09\/Cigko\u0308ftem-Photos-012-150x92.png 150w, https:\/\/cigkoftem.eu\/wp-content\/uploads\/2022\/09\/Cigko\u0308ftem-Photos-012-1200x738.png 1200w, https:\/\/cigkoftem.eu\/wp-content\/uploads\/2022\/09\/Cigko\u0308ftem-Photos-012-400x246.png 400w, https:\/\/cigkoftem.eu\/wp-content\/uploads\/2022\/09\/Cigko\u0308ftem-Photos-012-768x473.png 768w\" sizes=\"auto, (max-width: 1300px) 100vw, 1300px\" \/>\t\t\t\t\t<\/div>\n\n\t\t\t\t\t\t<\/div>\n\t\t\t\t<\/div>\n\t\t\t\t\t<\/div>\n\t\t<\/div>\n\t\t\t\t<div class=\"elementor-column elementor-col-50 elementor-top-column elementor-element elementor-element-b9fbe13\" data-id=\"b9fbe13\" data-element_type=\"column\" data-e-type=\"column\">\n\t\t\t<div class=\"elementor-widget-wrap elementor-element-populated\">\n\t\t\t\t\t\t<div class=\"elementor-element elementor-element-53026ce wd-width-100 elementor-widget elementor-widget-wd_title\" data-id=\"53026ce\" data-element_type=\"widget\" data-e-type=\"widget\" data-widget_type=\"wd_title.default\">\n\t\t\t\t<div class=\"elementor-widget-container\">\n\t\t\t\t\t\t\t<div class=\"title-wrapper wd-set-mb reset-last-child wd-title-color-primary wd-title-style-default wd-title-size-default text-left\">\n\n\t\t\t\t\t\t\t\t\t\t\t<div class=\"title-subtitle subtitle-color-primary subtitle-style-default wd-fontsize-xs\">\n\t\t\t\t\tEXPANSION\t\t\t\t<\/div>\n\t\t\t\n\t\t\t<div class=\"liner-continer\">\n\t\t\t\t<h3 class=\"woodmart-title-container title wd-fontsize-l\">Des temps de crise aux id\u00e9es de succ\u00e8s<br \/>\n<\/h3> \n\t\t\t\t\t\t\t<\/div>\n\n\t\t\t\t\t\t\t<div class=\"title-after_title reset-last-child wd-fontsize-xs\">\n\t\t\t\t\t<p><em><span style=\"font-weight: 400\">Les fr\u00e8res G\u00fcner ont donc d\u00fb se r\u00e9orienter et relever de nouveaux d\u00e9fis.<\/span><\/em><\/p>\t\t\t\t<\/div>\n\t\t\t\t\t<\/div>\n\t\t\t\t\t\t<\/div>\n\t\t\t\t<\/div>\n\t\t\t\t<div class=\"elementor-element elementor-element-e8ef7a0 elementor-widget elementor-widget-wd_text_block\" data-id=\"e8ef7a0\" data-element_type=\"widget\" data-e-type=\"widget\" data-widget_type=\"wd_text_block.default\">\n\t\t\t\t<div class=\"elementor-widget-container\">\n\t\t\t\t\t\t\t<div class=\"wd-text-block reset-last-child text-left\">\n\t\t\t\n\t\t\t<p><span style=\"font-weight: 400;\">Mais avec plus de dix ans d'exp\u00e9rience dans la production de Cigk\u00f6ftem et les le\u00e7ons qu'ils ont tir\u00e9es de toutes ces ann\u00e9es d'activit\u00e9 intense sur le march\u00e9, ils \u00e9taient pr\u00eats \u00e0 explorer de nouvelles voies pour parvenir \u00e0 un plus grand succ\u00e8s. C'est ainsi que les fr\u00e8res ont ouvert leur premier magasin Cigk\u00f6ftem \u00e0 Istanbul en 2005. Au d\u00e9but, les fr\u00e8res et s\u0153urs ont d\u00fb faire face \u00e0 ceux qui se moquaient de leur id\u00e9e et n'y voyaient aucun succ\u00e8s. Mais ils croyaient en l'id\u00e9e, avaient confiance dans la qualit\u00e9 et le go\u00fbt de leurs produits et ne se sont pas laiss\u00e9s d\u00e9courager. En tr\u00e8s peu de temps, ils ont atteint une client\u00e8le auparavant inimaginable.<\/span><\/p>\n\t\t\t\t\t<\/div>\n\t\t\t\t\t\t<\/div>\n\t\t\t\t<\/div>\n\t\t\t\t\t<\/div>\n\t\t<\/div>\n\t\t\t\t\t<\/div>\n\t\t<\/section>\n\t\t\t\t<section class=\"wd-negative-gap elementor-section elementor-top-section elementor-element elementor-element-b710f22 elementor-section-boxed elementor-section-height-default elementor-section-height-default\" data-id=\"b710f22\" data-element_type=\"section\" data-e-type=\"section\">\n\t\t\t\t\t\t<div class=\"elementor-container elementor-column-gap-default\">\n\t\t\t\t\t<div class=\"elementor-column elementor-col-50 elementor-top-column elementor-element elementor-element-62ac6f7\" data-id=\"62ac6f7\" data-element_type=\"column\" data-e-type=\"column\">\n\t\t\t<div class=\"elementor-widget-wrap elementor-element-populated\">\n\t\t\t\t\t\t<div class=\"elementor-element elementor-element-20b242e elementor-widget elementor-widget-image\" data-id=\"20b242e\" data-element_type=\"widget\" data-e-type=\"widget\" data-widget_type=\"image.default\">\n\t\t\t\t<div class=\"elementor-widget-container\">\n\t\t\t\t\t\t\t\t\t\t\t\t\t\t\t<img loading=\"lazy\" decoding=\"async\" width=\"1271\" height=\"1349\" src=\"https:\/\/cigkoftem.eu\/wp-content\/uploads\/2022\/09\/Cigko\u0308ftem-Photos-029.png\" class=\"attachment-full size-full wp-image-12982\" alt=\"\" srcset=\"https:\/\/cigkoftem.eu\/wp-content\/uploads\/2022\/09\/Cigko\u0308ftem-Photos-029.png 1271w, https:\/\/cigkoftem.eu\/wp-content\/uploads\/2022\/09\/Cigko\u0308ftem-Photos-029-283x300.png 283w, https:\/\/cigkoftem.eu\/wp-content\/uploads\/2022\/09\/Cigko\u0308ftem-Photos-029-754x800.png 754w, https:\/\/cigkoftem.eu\/wp-content\/uploads\/2022\/09\/Cigko\u0308ftem-Photos-029-768x815.png 768w, https:\/\/cigkoftem.eu\/wp-content\/uploads\/2022\/09\/Cigko\u0308ftem-Photos-029-1200x1274.png 1200w, https:\/\/cigkoftem.eu\/wp-content\/uploads\/2022\/09\/Cigko\u0308ftem-Photos-029-565x600.png 565w, https:\/\/cigkoftem.eu\/wp-content\/uploads\/2022\/09\/Cigko\u0308ftem-Photos-029-600x637.png 600w, https:\/\/cigkoftem.eu\/wp-content\/uploads\/2022\/09\/Cigko\u0308ftem-Photos-029-150x159.png 150w\" sizes=\"auto, (max-width: 1271px) 100vw, 1271px\" \/>\t\t\t\t\t\t\t\t\t\t\t\t\t\t\t<\/div>\n\t\t\t\t<\/div>\n\t\t\t\t\t<\/div>\n\t\t<\/div>\n\t\t\t\t<div class=\"elementor-column elementor-col-50 elementor-top-column elementor-element elementor-element-60e6827\" data-id=\"60e6827\" data-element_type=\"column\" data-e-type=\"column\">\n\t\t\t<div class=\"elementor-widget-wrap elementor-element-populated\">\n\t\t\t\t\t\t<div class=\"elementor-element elementor-element-478fea3 wd-width-100 elementor-widget elementor-widget-wd_title\" data-id=\"478fea3\" data-element_type=\"widget\" data-e-type=\"widget\" data-widget_type=\"wd_title.default\">\n\t\t\t\t<div class=\"elementor-widget-container\">\n\t\t\t\t\t\t\t<div class=\"title-wrapper wd-set-mb reset-last-child wd-title-color-primary wd-title-style-default wd-title-size-default text-left\">\n\n\t\t\t\t\t\t\t\t\t\t\t<div class=\"title-subtitle subtitle-color-primary subtitle-style-default wd-fontsize-xs\">\n\t\t\t\t\tPRIX ET R\u00c9COMPENSES\t\t\t\t<\/div>\n\t\t\t\n\t\t\t<div class=\"liner-continer\">\n\t\t\t\t<h3 class=\"woodmart-title-container title wd-fontsize-l\">Une croissance rapide<br \/>\n<\/h3> \n\t\t\t\t\t\t\t<\/div>\n\n\t\t\t\t\t\t\t<div class=\"title-after_title reset-last-child wd-fontsize-xs\">\n\t\t\t\t\t<p><em><span style=\"font-weight: 400\">\u00c0 partir de l\u00e0, les choses ont commenc\u00e9 \u00e0 monter en fl\u00e8che pour les fr\u00e8res G\u00fcner.<\/span><\/em><\/p>\t\t\t\t<\/div>\n\t\t\t\t\t<\/div>\n\t\t\t\t\t\t<\/div>\n\t\t\t\t<\/div>\n\t\t\t\t<div class=\"elementor-element elementor-element-ab58f91 elementor-widget elementor-widget-wd_text_block\" data-id=\"ab58f91\" data-element_type=\"widget\" data-e-type=\"widget\" data-widget_type=\"wd_text_block.default\">\n\t\t\t\t<div class=\"elementor-widget-container\">\n\t\t\t\t\t\t\t<div class=\"wd-text-block reset-last-child text-left\">\n\t\t\t\n\t\t\t<p><span style=\"font-weight: 400;\">En l'espace de quelques mois, ils ont ouvert d'autres succursales. Apr\u00e8s seulement quatre ans, la premi\u00e8re filiale a \u00e9t\u00e9 ouverte en Europe. Une \u00e9tape importante ! Aujourd'hui, Cigk\u00f6ftem propose une large gamme de produits permettant aux clients europ\u00e9ens de d\u00e9guster des plats sains et d\u00e9licieux.<\/span><\/p><p><span style=\"font-weight: 400;\">Gr\u00e2ce \u00e0 ses succ\u00e8s en Europe, \u00c7i\u011fk\u00f6ftem a remport\u00e9 en 2014 le prix de la meilleure franchise d\u00e9cern\u00e9 par le German Design Council. Deux ans plus tard, \u00c7i\u011fk\u00f6ftem a remport\u00e9 le Superior Taste Award de l'\"International Taste Institute\" belge.<\/span><\/p>\n\t\t\t\t\t<\/div>\n\t\t\t\t\t\t<\/div>\n\t\t\t\t<\/div>\n\t\t\t\t\t<\/div>\n\t\t<\/div>\n\t\t\t\t\t<\/div>\n\t\t<\/section>\n\t\t\t\t<section class=\"wd-negative-gap elementor-section elementor-top-section elementor-element elementor-element-df79730 elementor-reverse-tablet elementor-section-boxed elementor-section-height-default elementor-section-height-default\" data-id=\"df79730\" data-element_type=\"section\" data-e-type=\"section\">\n\t\t\t\t\t\t<div class=\"elementor-container elementor-column-gap-default\">\n\t\t\t\t\t<div class=\"elementor-column elementor-col-50 elementor-top-column elementor-element elementor-element-ede9bb0\" data-id=\"ede9bb0\" data-element_type=\"column\" data-e-type=\"column\">\n\t\t\t<div class=\"elementor-widget-wrap elementor-element-populated\">\n\t\t\t\t\t\t<div class=\"elementor-element elementor-element-6fb3f2b elementor-widget elementor-widget-wd_image_or_svg\" data-id=\"6fb3f2b\" data-element_type=\"widget\" data-e-type=\"widget\" data-widget_type=\"wd_image_or_svg.default\">\n\t\t\t\t<div class=\"elementor-widget-container\">\n\t\t\t\t\t\n\t\t<div class=\"wd-image text-left\">\n\t\t\t\t\t\t\t\t<img loading=\"lazy\" decoding=\"async\" width=\"2800\" height=\"1738\" src=\"https:\/\/cigkoftem.eu\/wp-content\/uploads\/2022\/08\/CIGKS\u0327FTEM-home-2.png\" class=\"attachment-full size-full\" alt=\"\" srcset=\"https:\/\/cigkoftem.eu\/wp-content\/uploads\/2022\/08\/CIGKS\u0327FTEM-home-2.png 2800w, https:\/\/cigkoftem.eu\/wp-content\/uploads\/2022\/08\/CIGKS\u0327FTEM-home-2-600x372.png 600w, https:\/\/cigkoftem.eu\/wp-content\/uploads\/2022\/08\/CIGKS\u0327FTEM-home-2-150x93.png 150w, https:\/\/cigkoftem.eu\/wp-content\/uploads\/2022\/08\/CIGKS\u0327FTEM-home-2-1200x745.png 1200w, https:\/\/cigkoftem.eu\/wp-content\/uploads\/2022\/08\/CIGKS\u0327FTEM-home-2-400x248.png 400w, https:\/\/cigkoftem.eu\/wp-content\/uploads\/2022\/08\/CIGKS\u0327FTEM-home-2-1289x800.png 1289w, https:\/\/cigkoftem.eu\/wp-content\/uploads\/2022\/08\/CIGKS\u0327FTEM-home-2-768x477.png 768w, https:\/\/cigkoftem.eu\/wp-content\/uploads\/2022\/08\/CIGKS\u0327FTEM-home-2-1536x953.png 1536w, https:\/\/cigkoftem.eu\/wp-content\/uploads\/2022\/08\/CIGKS\u0327FTEM-home-2-2048x1271.png 2048w\" sizes=\"auto, (max-width: 2800px) 100vw, 2800px\" \/>\t\t\t\t\t<\/div>\n\n\t\t\t\t\t\t<\/div>\n\t\t\t\t<\/div>\n\t\t\t\t\t<\/div>\n\t\t<\/div>\n\t\t\t\t<div class=\"elementor-column elementor-col-50 elementor-top-column elementor-element elementor-element-643c27c\" data-id=\"643c27c\" data-element_type=\"column\" data-e-type=\"column\">\n\t\t\t<div class=\"elementor-widget-wrap elementor-element-populated\">\n\t\t\t\t\t\t<div class=\"elementor-element elementor-element-6c9272c wd-width-100 elementor-widget elementor-widget-wd_title\" data-id=\"6c9272c\" data-element_type=\"widget\" data-e-type=\"widget\" data-widget_type=\"wd_title.default\">\n\t\t\t\t<div class=\"elementor-widget-container\">\n\t\t\t\t\t\t\t<div class=\"title-wrapper wd-set-mb reset-last-child wd-title-color-primary wd-title-style-default wd-title-size-default text-left\">\n\n\t\t\t\t\t\t\t\t\t\t\t<div class=\"title-subtitle subtitle-color-primary subtitle-style-default wd-fontsize-xs\">\n\t\t\t\t\tVEGAN EN EUROPE\t\t\t\t<\/div>\n\t\t\t\n\t\t\t<div class=\"liner-continer\">\n\t\t\t\t<h3 class=\"woodmart-title-container title wd-fontsize-l\">Succ\u00e8s avec plus de 100 filiales<\/h3> \n\t\t\t\t\t\t\t<\/div>\n\n\t\t\t\t\t\t\t<div class=\"title-after_title reset-last-child wd-fontsize-xs\">\n\t\t\t\t\t<p><em><span style=\"font-weight: 400\">Le succ\u00e8s en Europe est visible. En quelques ann\u00e9es seulement, la marque a pu prendre une ampleur comparable \u00e0 celle des grandes enseignes franchis\u00e9es.<\/span><\/em><\/p>\t\t\t\t<\/div>\n\t\t\t\t\t<\/div>\n\t\t\t\t\t\t<\/div>\n\t\t\t\t<\/div>\n\t\t\t\t<div class=\"elementor-element elementor-element-c809418 elementor-widget elementor-widget-wd_text_block\" data-id=\"c809418\" data-element_type=\"widget\" data-e-type=\"widget\" data-widget_type=\"wd_text_block.default\">\n\t\t\t\t<div class=\"elementor-widget-container\">\n\t\t\t\t\t\t\t<div class=\"wd-text-block reset-last-child text-left\">\n\t\t\t\n\t\t\t<p><span style=\"font-weight: 400;\">La restauration rapide v\u00e9g\u00e9talienne a la cote. La tendance est \u00e0 la hausse. Gr\u00e2ce \u00e0 ses produits savoureux et modernes, mais n\u00e9anmoins traditionnels, Cigk\u00f6ftem est devenu un acteur sur le march\u00e9. Ce n'est pas pour rien que l'on se mesure aux grandes cha\u00eenes et aux marques franchis\u00e9es dans un segment similaire. Plus de 100 filiales en Europe en disent long.&nbsp;<\/span><\/p><p>Cigk\u00f6ftem va continuer \u00e0 \u00e9crire l'histoire d'Erfol, \u00e0 se pr\u00e9senter de mani\u00e8re dynamique et \u00e0 se red\u00e9finir. Et ce, \u00e0 chaque fois que le march\u00e9 l'exige. Cigk\u00f6ftem restera moderne et comp\u00e9titif et continuera \u00e0 conqu\u00e9rir les c\u0153urs dans le segment de la nourriture v\u00e9g\u00e9talienne et saine !<\/p>\n\t\t\t\t\t<\/div>\n\t\t\t\t\t\t<\/div>\n\t\t\t\t<\/div>\n\t\t\t\t\t<\/div>\n\t\t<\/div>\n\t\t\t\t\t<\/div>\n\t\t<\/section>\n\t\t\t\t<section class=\"wd-negative-gap elementor-section elementor-top-section elementor-element elementor-element-1a6f30f8 elementor-section-boxed elementor-section-height-default elementor-section-height-default\" data-id=\"1a6f30f8\" data-element_type=\"section\" data-e-type=\"section\">\n\t\t\t\t\t\t<div class=\"elementor-container elementor-column-gap-extended\">\n\t\t\t\t\t<div class=\"elementor-column elementor-col-50 elementor-top-column elementor-element elementor-element-5a19e6bd\" data-id=\"5a19e6bd\" data-element_type=\"column\" data-e-type=\"column\">\n\t\t\t<div class=\"elementor-widget-wrap elementor-element-populated\">\n\t\t\t\t\t\t<div class=\"elementor-element elementor-element-6d4d13bc elementor-widget elementor-widget-video\" data-id=\"6d4d13bc\" data-element_type=\"widget\" data-e-type=\"widget\" data-settings=\"{&quot;youtube_url&quot;:&quot;https:\\\/\\\/www.youtube.com\\\/watch?v=4rcVMHzxzg8&quot;,&quot;video_type&quot;:&quot;youtube&quot;}\" data-widget_type=\"video.default\">\n\t\t\t\t<div class=\"elementor-widget-container\">\n\t\t\t\t\t\t\t<div class=\"elementor-wrapper elementor-open-inline\">\n\t\t\t<div class=\"elementor-video\"><\/div>\t\t<\/div>\n\t\t\t\t\t\t<\/div>\n\t\t\t\t<\/div>\n\t\t\t\t<div class=\"elementor-element elementor-element-f57816e wd-width-100 elementor-widget elementor-widget-wd_title\" data-id=\"f57816e\" data-element_type=\"widget\" data-e-type=\"widget\" data-widget_type=\"wd_title.default\">\n\t\t\t\t<div class=\"elementor-widget-container\">\n\t\t\t\t\t\t\t<div class=\"title-wrapper wd-set-mb reset-last-child wd-title-color-default wd-title-style-default wd-title-size-default text-center\">\n\n\t\t\t\n\t\t\t<div class=\"liner-continer\">\n\t\t\t\t<h3 class=\"woodmart-title-container title wd-fontsize-l\">Notre vid\u00e9o d'entreprise<\/h3> \n\t\t\t\t\t\t\t<\/div>\n\n\t\t\t\t\t<\/div>\n\t\t\t\t\t\t<\/div>\n\t\t\t\t<\/div>\n\t\t\t\t<div class=\"elementor-element elementor-element-b1f2662 elementor-widget elementor-widget-wd_text_block\" data-id=\"b1f2662\" data-element_type=\"widget\" data-e-type=\"widget\" data-widget_type=\"wd_text_block.default\">\n\t\t\t\t<div class=\"elementor-widget-container\">\n\t\t\t\t\t\t\t<div class=\"wd-text-block reset-last-child text-center\">\n\t\t\t\n\t\t\t<p>Aper\u00e7u de la vie de Cigk\u00f6ftem. Comment les produits sont-ils fabriqu\u00e9s, comment sont-ils pr\u00e9par\u00e9s et comment sont-ils servis ?<\/p>\n\t\t\t\t\t<\/div>\n\t\t\t\t\t\t<\/div>\n\t\t\t\t<\/div>\n\t\t\t\t\t<\/div>\n\t\t<\/div>\n\t\t\t\t<div class=\"elementor-column elementor-col-50 elementor-top-column elementor-element elementor-element-34177f2a\" data-id=\"34177f2a\" data-element_type=\"column\" data-e-type=\"column\">\n\t\t\t<div class=\"elementor-widget-wrap elementor-element-populated\">\n\t\t\t\t\t\t<div class=\"elementor-element elementor-element-474f5181 elementor-widget elementor-widget-video\" data-id=\"474f5181\" data-element_type=\"widget\" data-e-type=\"widget\" data-settings=\"{&quot;youtube_url&quot;:&quot;https:\\\/\\\/www.youtube.com\\\/watch?v=fDNtbiV45P8&quot;,&quot;video_type&quot;:&quot;youtube&quot;}\" data-widget_type=\"video.default\">\n\t\t\t\t<div class=\"elementor-widget-container\">\n\t\t\t\t\t\t\t<div class=\"elementor-wrapper elementor-open-inline\">\n\t\t\t<div class=\"elementor-video\"><\/div>\t\t<\/div>\n\t\t\t\t\t\t<\/div>\n\t\t\t\t<\/div>\n\t\t\t\t<div class=\"elementor-element elementor-element-32e86781 wd-width-100 elementor-widget elementor-widget-wd_title\" data-id=\"32e86781\" data-element_type=\"widget\" data-e-type=\"widget\" data-widget_type=\"wd_title.default\">\n\t\t\t\t<div class=\"elementor-widget-container\">\n\t\t\t\t\t\t\t<div class=\"title-wrapper wd-set-mb reset-last-child wd-title-color-default wd-title-style-default wd-title-size-default text-center\">\n\n\t\t\t\n\t\t\t<div class=\"liner-continer\">\n\t\t\t\t<h3 class=\"woodmart-title-container title wd-fontsize-l\">Franchise avec nous. Voil\u00e0 comment \u00e7a marche !<\/h3> \n\t\t\t\t\t\t\t<\/div>\n\n\t\t\t\t\t<\/div>\n\t\t\t\t\t\t<\/div>\n\t\t\t\t<\/div>\n\t\t\t\t<div class=\"elementor-element elementor-element-d06be5b elementor-widget elementor-widget-wd_text_block\" data-id=\"d06be5b\" data-element_type=\"widget\" data-e-type=\"widget\" data-widget_type=\"wd_text_block.default\">\n\t\t\t\t<div class=\"elementor-widget-container\">\n\t\t\t\t\t\t\t<div class=\"wd-text-block reset-last-child text-center\">\n\t\t\t\n\t\t\t<p><em>Nous consid\u00e9rons nos franchis\u00e9s* comme de v\u00e9ritables partenaires et nous nous r\u00e9jouissons du succ\u00e8s de chaque filiale !<\/em><\/p>\n\t\t\t\t\t<\/div>\n\t\t\t\t\t\t<\/div>\n\t\t\t\t<\/div>\n\t\t\t\t\t<\/div>\n\t\t<\/div>\n\t\t\t\t\t<\/div>\n\t\t<\/section>\n\t\t\t\t<\/div>\n\t\t","protected":false},"excerpt":{"rendered":"<p>L&#8217;ID\u00c9E Notre histoire En 1993, trois jeunes fr\u00e8res entrepreneurs, sous la direction de l&#8217;actuel PDG Erdogan G\u00fcner, ont fond\u00e9 l&#8217;actuel<\/p>\n","protected":false},"author":4,"featured_media":0,"parent":0,"menu_order":0,"comment_status":"closed","ping_status":"closed","template":"","meta":{"two_page_speed":[],"footnotes":""},"class_list":["post-13398","page","type-page","status-publish","hentry"],"_links":{"self":[{"href":"https:\/\/cigkoftem.eu\/fr\/wp-json\/wp\/v2\/pages\/13398","targetHints":{"allow":["GET"]}}],"collection":[{"href":"https:\/\/cigkoftem.eu\/fr\/wp-json\/wp\/v2\/pages"}],"about":[{"href":"https:\/\/cigkoftem.eu\/fr\/wp-json\/wp\/v2\/types\/page"}],"author":[{"embeddable":true,"href":"https:\/\/cigkoftem.eu\/fr\/wp-json\/wp\/v2\/users\/4"}],"replies":[{"embeddable":true,"href":"https:\/\/cigkoftem.eu\/fr\/wp-json\/wp\/v2\/comments?post=13398"}],"version-history":[{"count":2,"href":"https:\/\/cigkoftem.eu\/fr\/wp-json\/wp\/v2\/pages\/13398\/revisions"}],"predecessor-version":[{"id":13400,"href":"https:\/\/cigkoftem.eu\/fr\/wp-json\/wp\/v2\/pages\/13398\/revisions\/13400"}],"wp:attachment":[{"href":"https:\/\/cigkoftem.eu\/fr\/wp-json\/wp\/v2\/media?parent=13398"}],"curies":[{"name":"wp","href":"https:\/\/api.w.org\/{rel}","templated":true}]}}