{"id":13396,"date":"2022-08-26T10:07:00","date_gmt":"2022-08-26T10:07:00","guid":{"rendered":"https:\/\/cigkoftem.eu\/geschiedenis\/"},"modified":"2023-10-26T21:19:22","modified_gmt":"2023-10-26T21:19:22","slug":"geschiedenis","status":"publish","type":"page","link":"https:\/\/cigkoftem.eu\/nl\/geschiedenis\/","title":{"rendered":"Geschiedenis"},"content":{"rendered":"\t\t<div data-elementor-type=\"wp-page\" data-elementor-id=\"13396\" class=\"elementor elementor-13396 elementor-8617\">\n\t\t\t\t\t\t<section class=\"wd-negative-gap elementor-section elementor-top-section elementor-element elementor-element-3c548bca elementor-section-boxed elementor-section-height-default elementor-section-height-default\" data-id=\"3c548bca\" data-element_type=\"section\" data-e-type=\"section\">\n\t\t\t\t\t\t<div class=\"elementor-container elementor-column-gap-default\">\n\t\t\t\t\t<div class=\"elementor-column elementor-col-50 elementor-top-column elementor-element elementor-element-1d354ed7\" data-id=\"1d354ed7\" data-element_type=\"column\" data-e-type=\"column\">\n\t\t\t<div class=\"elementor-widget-wrap elementor-element-populated\">\n\t\t\t\t\t\t<div class=\"elementor-element elementor-element-3b8f1c6 elementor-widget elementor-widget-wd_image_or_svg\" data-id=\"3b8f1c6\" data-element_type=\"widget\" data-e-type=\"widget\" data-widget_type=\"wd_image_or_svg.default\">\n\t\t\t\t<div class=\"elementor-widget-container\">\n\t\t\t\t\t\n\t\t<div class=\"wd-image text-left\">\n\t\t\t\t\t\t\t\t<img loading=\"lazy\" decoding=\"async\" width=\"1000\" height=\"791\" src=\"https:\/\/cigkoftem.eu\/wp-content\/uploads\/2022\/08\/History-Bild.png\" class=\"attachment-full size-full\" alt=\"Geschichte von Cigk\u00f6ftem.\" srcset=\"https:\/\/cigkoftem.eu\/wp-content\/uploads\/2022\/08\/History-Bild.png 1000w, https:\/\/cigkoftem.eu\/wp-content\/uploads\/2022\/08\/History-Bild-600x475.png 600w, https:\/\/cigkoftem.eu\/wp-content\/uploads\/2022\/08\/History-Bild-150x119.png 150w, https:\/\/cigkoftem.eu\/wp-content\/uploads\/2022\/08\/History-Bild-700x554.png 700w, https:\/\/cigkoftem.eu\/wp-content\/uploads\/2022\/08\/History-Bild-379x300.png 379w, https:\/\/cigkoftem.eu\/wp-content\/uploads\/2022\/08\/History-Bild-768x607.png 768w, https:\/\/cigkoftem.eu\/wp-content\/uploads\/2022\/08\/History-Bild-860x680.png 860w, https:\/\/cigkoftem.eu\/wp-content\/uploads\/2022\/08\/History-Bild-430x340.png 430w\" sizes=\"auto, (max-width: 1000px) 100vw, 1000px\" \/>\t\t\t\t\t<\/div>\n\n\t\t\t\t\t\t<\/div>\n\t\t\t\t<\/div>\n\t\t\t\t\t<\/div>\n\t\t<\/div>\n\t\t\t\t<div class=\"elementor-column elementor-col-50 elementor-top-column elementor-element elementor-element-7a9daa7\" data-id=\"7a9daa7\" data-element_type=\"column\" data-e-type=\"column\">\n\t\t\t<div class=\"elementor-widget-wrap elementor-element-populated\">\n\t\t\t\t\t\t<div class=\"elementor-element elementor-element-18566191 wd-width-100 elementor-widget elementor-widget-wd_title\" data-id=\"18566191\" data-element_type=\"widget\" data-e-type=\"widget\" data-widget_type=\"wd_title.default\">\n\t\t\t\t<div class=\"elementor-widget-container\">\n\t\t\t\t\t\t\t<div class=\"title-wrapper wd-set-mb reset-last-child wd-title-color-primary wd-title-style-default wd-title-size-default text-left\">\n\n\t\t\t\t\t\t\t\t\t\t\t<div class=\"title-subtitle subtitle-color-primary subtitle-style-default wd-fontsize-xs\">\n\t\t\t\t\tHET IDEE\t\t\t\t<\/div>\n\t\t\t\n\t\t\t<div class=\"liner-continer\">\n\t\t\t\t<h3 class=\"woodmart-title-container title wd-fontsize-l\">Onze geschiedenis<\/h3> \n\t\t\t\t\t\t\t<\/div>\n\n\t\t\t\t\t\t\t<div class=\"title-after_title reset-last-child wd-fontsize-xs\">\n\t\t\t\t\t<p><em><span style=\"font-weight: 400\">In 1993 richtten drie jonge ondernemende broers, onder leiding van de huidige CEO Erdogan G\u00fcner, de EM GROUP op.<\/span><\/em><\/p>\t\t\t\t<\/div>\n\t\t\t\t\t<\/div>\n\t\t\t\t\t\t<\/div>\n\t\t\t\t<\/div>\n\t\t\t\t<div class=\"elementor-element elementor-element-cf34ae6 elementor-widget elementor-widget-wd_text_block\" data-id=\"cf34ae6\" data-element_type=\"widget\" data-e-type=\"widget\" data-widget_type=\"wd_text_block.default\">\n\t\t\t\t<div class=\"elementor-widget-container\">\n\t\t\t\t\t\t\t<div class=\"wd-text-block reset-last-child text-left\">\n\t\t\t\n\t\t\t<p><span style=\"font-weight: 400;\">Aanvankelijk beperkte de dienstverlening zich tot het leveren van verse \u00c7i\u011fk\u00f6ftem aan supermarkten. Hier groeiden ze snel naar een niveau waarop ze honderden supermarkten konden bevoorraden en \u00c7i\u011fk\u00f6ftem ter plekke vers konden bereiden. Maar het waren niet alleen deze successen die de drie broers inspireerden om een stap verder te denken, want de samenwerkende supermarkten begonnen een steeds groter winstaandeel te eisen met het toenemende aantal concurrenten op de markt. Dit leidde ertoe dat de broers zich terugtrokken uit de samenwerking met supermarkten.<\/span><\/p>\n\t\t\t\t\t<\/div>\n\t\t\t\t\t\t<\/div>\n\t\t\t\t<\/div>\n\t\t\t\t\t<\/div>\n\t\t<\/div>\n\t\t\t\t\t<\/div>\n\t\t<\/section>\n\t\t\t\t<section class=\"wd-negative-gap elementor-section elementor-top-section elementor-element elementor-element-00c763e elementor-reverse-tablet elementor-section-boxed elementor-section-height-default elementor-section-height-default\" data-id=\"00c763e\" data-element_type=\"section\" data-e-type=\"section\">\n\t\t\t\t\t\t<div class=\"elementor-container elementor-column-gap-default\">\n\t\t\t\t\t<div class=\"elementor-column elementor-col-50 elementor-top-column elementor-element elementor-element-b9eeccb\" data-id=\"b9eeccb\" data-element_type=\"column\" data-e-type=\"column\">\n\t\t\t<div class=\"elementor-widget-wrap elementor-element-populated\">\n\t\t\t\t\t\t<div class=\"elementor-element elementor-element-9afd184 elementor-widget elementor-widget-wd_image_or_svg\" data-id=\"9afd184\" data-element_type=\"widget\" data-e-type=\"widget\" data-widget_type=\"wd_image_or_svg.default\">\n\t\t\t\t<div class=\"elementor-widget-container\">\n\t\t\t\t\t\n\t\t<div class=\"wd-image text-left\">\n\t\t\t\t\t\t\t\t<img loading=\"lazy\" decoding=\"async\" width=\"1300\" height=\"800\" src=\"https:\/\/cigkoftem.eu\/wp-content\/uploads\/2022\/09\/Cigko\u0308ftem-Photos-012.png\" class=\"attachment-full size-full\" alt=\"Sushi Alternative T\u00fcrkisch vegan\" srcset=\"https:\/\/cigkoftem.eu\/wp-content\/uploads\/2022\/09\/Cigko\u0308ftem-Photos-012.png 1300w, https:\/\/cigkoftem.eu\/wp-content\/uploads\/2022\/09\/Cigko\u0308ftem-Photos-012-600x369.png 600w, https:\/\/cigkoftem.eu\/wp-content\/uploads\/2022\/09\/Cigko\u0308ftem-Photos-012-150x92.png 150w, https:\/\/cigkoftem.eu\/wp-content\/uploads\/2022\/09\/Cigko\u0308ftem-Photos-012-1200x738.png 1200w, https:\/\/cigkoftem.eu\/wp-content\/uploads\/2022\/09\/Cigko\u0308ftem-Photos-012-400x246.png 400w, https:\/\/cigkoftem.eu\/wp-content\/uploads\/2022\/09\/Cigko\u0308ftem-Photos-012-768x473.png 768w\" sizes=\"auto, (max-width: 1300px) 100vw, 1300px\" \/>\t\t\t\t\t<\/div>\n\n\t\t\t\t\t\t<\/div>\n\t\t\t\t<\/div>\n\t\t\t\t\t<\/div>\n\t\t<\/div>\n\t\t\t\t<div class=\"elementor-column elementor-col-50 elementor-top-column elementor-element elementor-element-b9fbe13\" data-id=\"b9fbe13\" data-element_type=\"column\" data-e-type=\"column\">\n\t\t\t<div class=\"elementor-widget-wrap elementor-element-populated\">\n\t\t\t\t\t\t<div class=\"elementor-element elementor-element-53026ce wd-width-100 elementor-widget elementor-widget-wd_title\" data-id=\"53026ce\" data-element_type=\"widget\" data-e-type=\"widget\" data-widget_type=\"wd_title.default\">\n\t\t\t\t<div class=\"elementor-widget-container\">\n\t\t\t\t\t\t\t<div class=\"title-wrapper wd-set-mb reset-last-child wd-title-color-primary wd-title-style-default wd-title-size-default text-left\">\n\n\t\t\t\t\t\t\t\t\t\t\t<div class=\"title-subtitle subtitle-color-primary subtitle-style-default wd-fontsize-xs\">\n\t\t\t\t\tUITBREIDING\t\t\t\t<\/div>\n\t\t\t\n\t\t\t<div class=\"liner-continer\">\n\t\t\t\t<h3 class=\"woodmart-title-container title wd-fontsize-l\">Van crisistijd naar het idee van succes<br \/>\n<\/h3> \n\t\t\t\t\t\t\t<\/div>\n\n\t\t\t\t\t\t\t<div class=\"title-after_title reset-last-child wd-fontsize-xs\">\n\t\t\t\t\t<p><em><span style=\"font-weight: 400\">De gebroeders G\u00fcner moesten zich dus herori\u00ebnteren en nieuwe uitdagingen aangaan.<\/span><\/em><\/p>\t\t\t\t<\/div>\n\t\t\t\t\t<\/div>\n\t\t\t\t\t\t<\/div>\n\t\t\t\t<\/div>\n\t\t\t\t<div class=\"elementor-element elementor-element-e8ef7a0 elementor-widget elementor-widget-wd_text_block\" data-id=\"e8ef7a0\" data-element_type=\"widget\" data-e-type=\"widget\" data-widget_type=\"wd_text_block.default\">\n\t\t\t\t<div class=\"elementor-widget-container\">\n\t\t\t\t\t\t\t<div class=\"wd-text-block reset-last-child text-left\">\n\t\t\t\n\t\t\t<p><span style=\"font-weight: 400;\">Maar met hun inmiddels meer dan tien jaar ervaring in de productie van sigk\u00f6ftem en de lessen die ze hebben geleerd van al die jaren intensieve activiteit op de markt, waren ze nu klaar om nieuwe manieren te verkennen om meer succes te behalen. Dus openden de broers in 2005 hun eerste Cigk\u00f6ftem-filiaal in Istanbul. In het begin kregen de broers en zussen te maken met mensen die hun idee belachelijk maakten en het niet als een succes zagen. Maar ze geloofden in het idee, hadden vertrouwen in de kwaliteit en smaak van hun producten en lieten zich niet afschrikken. Binnen zeer korte tijd bereikten ze een voorheen onvoorstelbaar grote klantenkring.<\/span><\/p>\n\t\t\t\t\t<\/div>\n\t\t\t\t\t\t<\/div>\n\t\t\t\t<\/div>\n\t\t\t\t\t<\/div>\n\t\t<\/div>\n\t\t\t\t\t<\/div>\n\t\t<\/section>\n\t\t\t\t<section class=\"wd-negative-gap elementor-section elementor-top-section elementor-element elementor-element-b710f22 elementor-section-boxed elementor-section-height-default elementor-section-height-default\" data-id=\"b710f22\" data-element_type=\"section\" data-e-type=\"section\">\n\t\t\t\t\t\t<div class=\"elementor-container elementor-column-gap-default\">\n\t\t\t\t\t<div class=\"elementor-column elementor-col-50 elementor-top-column elementor-element elementor-element-62ac6f7\" data-id=\"62ac6f7\" data-element_type=\"column\" data-e-type=\"column\">\n\t\t\t<div class=\"elementor-widget-wrap elementor-element-populated\">\n\t\t\t\t\t\t<div class=\"elementor-element elementor-element-20b242e elementor-widget elementor-widget-image\" data-id=\"20b242e\" data-element_type=\"widget\" data-e-type=\"widget\" data-widget_type=\"image.default\">\n\t\t\t\t<div class=\"elementor-widget-container\">\n\t\t\t\t\t\t\t\t\t\t\t\t\t\t\t<img loading=\"lazy\" decoding=\"async\" width=\"1271\" height=\"1349\" src=\"https:\/\/cigkoftem.eu\/wp-content\/uploads\/2022\/09\/Cigko\u0308ftem-Photos-029.png\" class=\"attachment-full size-full wp-image-12980\" alt=\"\" srcset=\"https:\/\/cigkoftem.eu\/wp-content\/uploads\/2022\/09\/Cigko\u0308ftem-Photos-029.png 1271w, https:\/\/cigkoftem.eu\/wp-content\/uploads\/2022\/09\/Cigko\u0308ftem-Photos-029-283x300.png 283w, https:\/\/cigkoftem.eu\/wp-content\/uploads\/2022\/09\/Cigko\u0308ftem-Photos-029-754x800.png 754w, https:\/\/cigkoftem.eu\/wp-content\/uploads\/2022\/09\/Cigko\u0308ftem-Photos-029-768x815.png 768w, https:\/\/cigkoftem.eu\/wp-content\/uploads\/2022\/09\/Cigko\u0308ftem-Photos-029-1200x1274.png 1200w, https:\/\/cigkoftem.eu\/wp-content\/uploads\/2022\/09\/Cigko\u0308ftem-Photos-029-565x600.png 565w, https:\/\/cigkoftem.eu\/wp-content\/uploads\/2022\/09\/Cigko\u0308ftem-Photos-029-600x637.png 600w, https:\/\/cigkoftem.eu\/wp-content\/uploads\/2022\/09\/Cigko\u0308ftem-Photos-029-150x159.png 150w\" sizes=\"auto, (max-width: 1271px) 100vw, 1271px\" \/>\t\t\t\t\t\t\t\t\t\t\t\t\t\t\t<\/div>\n\t\t\t\t<\/div>\n\t\t\t\t\t<\/div>\n\t\t<\/div>\n\t\t\t\t<div class=\"elementor-column elementor-col-50 elementor-top-column elementor-element elementor-element-60e6827\" data-id=\"60e6827\" data-element_type=\"column\" data-e-type=\"column\">\n\t\t\t<div class=\"elementor-widget-wrap elementor-element-populated\">\n\t\t\t\t\t\t<div class=\"elementor-element elementor-element-478fea3 wd-width-100 elementor-widget elementor-widget-wd_title\" data-id=\"478fea3\" data-element_type=\"widget\" data-e-type=\"widget\" data-widget_type=\"wd_title.default\">\n\t\t\t\t<div class=\"elementor-widget-container\">\n\t\t\t\t\t\t\t<div class=\"title-wrapper wd-set-mb reset-last-child wd-title-color-primary wd-title-style-default wd-title-size-default text-left\">\n\n\t\t\t\t\t\t\t\t\t\t\t<div class=\"title-subtitle subtitle-color-primary subtitle-style-default wd-fontsize-xs\">\n\t\t\t\t\tAWARDS EN PRIJZEN\t\t\t\t<\/div>\n\t\t\t\n\t\t\t<div class=\"liner-continer\">\n\t\t\t\t<h3 class=\"woodmart-title-container title wd-fontsize-l\">Snelle groei<br \/>\n<\/h3> \n\t\t\t\t\t\t\t<\/div>\n\n\t\t\t\t\t\t\t<div class=\"title-after_title reset-last-child wd-fontsize-xs\">\n\t\t\t\t\t<p><em><span style=\"font-weight: 400\">Vanaf nu ging het steil bergopwaarts voor de gebroeders G\u00fcner.<\/span><\/em><\/p>\t\t\t\t<\/div>\n\t\t\t\t\t<\/div>\n\t\t\t\t\t\t<\/div>\n\t\t\t\t<\/div>\n\t\t\t\t<div class=\"elementor-element elementor-element-ab58f91 elementor-widget elementor-widget-wd_text_block\" data-id=\"ab58f91\" data-element_type=\"widget\" data-e-type=\"widget\" data-widget_type=\"wd_text_block.default\">\n\t\t\t\t<div class=\"elementor-widget-container\">\n\t\t\t\t\t\t\t<div class=\"wd-text-block reset-last-child text-left\">\n\t\t\t\n\t\t\t<p><span style=\"font-weight: 400;\">Binnen een paar maanden openden ze meer filialen. Al na vier jaar werd het eerste filiaal in Europa geopend. Een mijlpaal! Vandaag de dag biedt Cigk\u00f6ftem een breed scala aan producten, waardoor klanten in heel Europa kunnen genieten van gezond en lekker eten.<\/span><\/p><p><span style=\"font-weight: 400;\">De successen in Europa leidden ertoe dat \u00c7i\u011fk\u00f6ftem in 2014 de Best Franchise Company Award van de Duitse Design Council won. Twee jaar later won \u00c7i\u011fk\u00f6ftem de Superior Taste Award van het Belgische \"International Taste Institute\".<\/span><\/p>\n\t\t\t\t\t<\/div>\n\t\t\t\t\t\t<\/div>\n\t\t\t\t<\/div>\n\t\t\t\t\t<\/div>\n\t\t<\/div>\n\t\t\t\t\t<\/div>\n\t\t<\/section>\n\t\t\t\t<section class=\"wd-negative-gap elementor-section elementor-top-section elementor-element elementor-element-df79730 elementor-reverse-tablet elementor-section-boxed elementor-section-height-default elementor-section-height-default\" data-id=\"df79730\" data-element_type=\"section\" data-e-type=\"section\">\n\t\t\t\t\t\t<div class=\"elementor-container elementor-column-gap-default\">\n\t\t\t\t\t<div class=\"elementor-column elementor-col-50 elementor-top-column elementor-element elementor-element-ede9bb0\" data-id=\"ede9bb0\" data-element_type=\"column\" data-e-type=\"column\">\n\t\t\t<div class=\"elementor-widget-wrap elementor-element-populated\">\n\t\t\t\t\t\t<div class=\"elementor-element elementor-element-6fb3f2b elementor-widget elementor-widget-wd_image_or_svg\" data-id=\"6fb3f2b\" data-element_type=\"widget\" data-e-type=\"widget\" data-widget_type=\"wd_image_or_svg.default\">\n\t\t\t\t<div class=\"elementor-widget-container\">\n\t\t\t\t\t\n\t\t<div class=\"wd-image text-left\">\n\t\t\t\t\t\t\t\t<img loading=\"lazy\" decoding=\"async\" width=\"2800\" height=\"1738\" src=\"https:\/\/cigkoftem.eu\/wp-content\/uploads\/2022\/08\/CIGKS\u0327FTEM-home-2.png\" class=\"attachment-full size-full\" alt=\"\" srcset=\"https:\/\/cigkoftem.eu\/wp-content\/uploads\/2022\/08\/CIGKS\u0327FTEM-home-2.png 2800w, https:\/\/cigkoftem.eu\/wp-content\/uploads\/2022\/08\/CIGKS\u0327FTEM-home-2-600x372.png 600w, https:\/\/cigkoftem.eu\/wp-content\/uploads\/2022\/08\/CIGKS\u0327FTEM-home-2-150x93.png 150w, https:\/\/cigkoftem.eu\/wp-content\/uploads\/2022\/08\/CIGKS\u0327FTEM-home-2-1200x745.png 1200w, https:\/\/cigkoftem.eu\/wp-content\/uploads\/2022\/08\/CIGKS\u0327FTEM-home-2-400x248.png 400w, https:\/\/cigkoftem.eu\/wp-content\/uploads\/2022\/08\/CIGKS\u0327FTEM-home-2-1289x800.png 1289w, https:\/\/cigkoftem.eu\/wp-content\/uploads\/2022\/08\/CIGKS\u0327FTEM-home-2-768x477.png 768w, https:\/\/cigkoftem.eu\/wp-content\/uploads\/2022\/08\/CIGKS\u0327FTEM-home-2-1536x953.png 1536w, https:\/\/cigkoftem.eu\/wp-content\/uploads\/2022\/08\/CIGKS\u0327FTEM-home-2-2048x1271.png 2048w\" sizes=\"auto, (max-width: 2800px) 100vw, 2800px\" \/>\t\t\t\t\t<\/div>\n\n\t\t\t\t\t\t<\/div>\n\t\t\t\t<\/div>\n\t\t\t\t\t<\/div>\n\t\t<\/div>\n\t\t\t\t<div class=\"elementor-column elementor-col-50 elementor-top-column elementor-element elementor-element-643c27c\" data-id=\"643c27c\" data-element_type=\"column\" data-e-type=\"column\">\n\t\t\t<div class=\"elementor-widget-wrap elementor-element-populated\">\n\t\t\t\t\t\t<div class=\"elementor-element elementor-element-6c9272c wd-width-100 elementor-widget elementor-widget-wd_title\" data-id=\"6c9272c\" data-element_type=\"widget\" data-e-type=\"widget\" data-widget_type=\"wd_title.default\">\n\t\t\t\t<div class=\"elementor-widget-container\">\n\t\t\t\t\t\t\t<div class=\"title-wrapper wd-set-mb reset-last-child wd-title-color-primary wd-title-style-default wd-title-size-default text-left\">\n\n\t\t\t\t\t\t\t\t\t\t\t<div class=\"title-subtitle subtitle-color-primary subtitle-style-default wd-fontsize-xs\">\n\t\t\t\t\tVEGANISTISCH IN EUROPA\t\t\t\t<\/div>\n\t\t\t\n\t\t\t<div class=\"liner-continer\">\n\t\t\t\t<h3 class=\"woodmart-title-container title wd-fontsize-l\">Succes met meer dan 100 filialen<\/h3> \n\t\t\t\t\t\t\t<\/div>\n\n\t\t\t\t\t\t\t<div class=\"title-after_title reset-last-child wd-fontsize-xs\">\n\t\t\t\t\t<p><em><span style=\"font-weight: 400\">Het succes in Europa is indrukwekkend. In slechts een paar jaar tijd is het merk gegroeid tot een formaat dat kan concurreren met grote franchisemerken.<\/span><\/em><\/p>\t\t\t\t<\/div>\n\t\t\t\t\t<\/div>\n\t\t\t\t\t\t<\/div>\n\t\t\t\t<\/div>\n\t\t\t\t<div class=\"elementor-element elementor-element-c809418 elementor-widget elementor-widget-wd_text_block\" data-id=\"c809418\" data-element_type=\"widget\" data-e-type=\"widget\" data-widget_type=\"wd_text_block.default\">\n\t\t\t\t<div class=\"elementor-widget-container\">\n\t\t\t\t\t\t\t<div class=\"wd-text-block reset-last-child text-left\">\n\t\t\t\n\t\t\t<p><span style=\"font-weight: 400;\">Veganistisch fastfood is populair. De trend laat een steile opwaartse curve zien. Met zijn heerlijke en moderne, maar traditionele producten is Cigk\u00f6ftem een speler op de markt geworden. Niet voor niets meet men zich met grote ketens en franchisemerken in het vergelijkbare segment. Meer dan 100 vestigingen in Europa spreken boekdelen.&nbsp;<\/span><\/p><p>Cigk\u00f6ftem zal het Erfols-verhaal blijven schrijven, zich dynamisch presenteren en zichzelf opnieuw defini\u00ebren. En altijd als de markt het vereist. Cigk\u00f6ftem zal modern en concurrerend blijven en harten blijven veroveren in het veganistische en gezonde voedingssegment!<\/p>\n\t\t\t\t\t<\/div>\n\t\t\t\t\t\t<\/div>\n\t\t\t\t<\/div>\n\t\t\t\t\t<\/div>\n\t\t<\/div>\n\t\t\t\t\t<\/div>\n\t\t<\/section>\n\t\t\t\t<section class=\"wd-negative-gap elementor-section elementor-top-section elementor-element elementor-element-1a6f30f8 elementor-section-boxed elementor-section-height-default elementor-section-height-default\" data-id=\"1a6f30f8\" data-element_type=\"section\" data-e-type=\"section\">\n\t\t\t\t\t\t<div class=\"elementor-container elementor-column-gap-extended\">\n\t\t\t\t\t<div class=\"elementor-column elementor-col-50 elementor-top-column elementor-element elementor-element-5a19e6bd\" data-id=\"5a19e6bd\" data-element_type=\"column\" data-e-type=\"column\">\n\t\t\t<div class=\"elementor-widget-wrap elementor-element-populated\">\n\t\t\t\t\t\t<div class=\"elementor-element elementor-element-6d4d13bc elementor-widget elementor-widget-video\" data-id=\"6d4d13bc\" data-element_type=\"widget\" data-e-type=\"widget\" data-settings=\"{&quot;youtube_url&quot;:&quot;https:\\\/\\\/www.youtube.com\\\/watch?v=4rcVMHzxzg8&quot;,&quot;video_type&quot;:&quot;youtube&quot;}\" data-widget_type=\"video.default\">\n\t\t\t\t<div class=\"elementor-widget-container\">\n\t\t\t\t\t\t\t<div class=\"elementor-wrapper elementor-open-inline\">\n\t\t\t<div class=\"elementor-video\"><\/div>\t\t<\/div>\n\t\t\t\t\t\t<\/div>\n\t\t\t\t<\/div>\n\t\t\t\t<div class=\"elementor-element elementor-element-f57816e wd-width-100 elementor-widget elementor-widget-wd_title\" data-id=\"f57816e\" data-element_type=\"widget\" data-e-type=\"widget\" data-widget_type=\"wd_title.default\">\n\t\t\t\t<div class=\"elementor-widget-container\">\n\t\t\t\t\t\t\t<div class=\"title-wrapper wd-set-mb reset-last-child wd-title-color-default wd-title-style-default wd-title-size-default text-center\">\n\n\t\t\t\n\t\t\t<div class=\"liner-continer\">\n\t\t\t\t<h3 class=\"woodmart-title-container title wd-fontsize-l\">Onze imagovideo<\/h3> \n\t\t\t\t\t\t\t<\/div>\n\n\t\t\t\t\t<\/div>\n\t\t\t\t\t\t<\/div>\n\t\t\t\t<\/div>\n\t\t\t\t<div class=\"elementor-element elementor-element-b1f2662 elementor-widget elementor-widget-wd_text_block\" data-id=\"b1f2662\" data-element_type=\"widget\" data-e-type=\"widget\" data-widget_type=\"wd_text_block.default\">\n\t\t\t\t<div class=\"elementor-widget-container\">\n\t\t\t\t\t\t\t<div class=\"wd-text-block reset-last-child text-center\">\n\t\t\t\n\t\t\t<p>Inzicht in het leven van Cigk\u00f6ftem. Hoe worden de producten gemaakt, hoe worden ze bereid en hoe worden ze geserveerd?<\/p>\n\t\t\t\t\t<\/div>\n\t\t\t\t\t\t<\/div>\n\t\t\t\t<\/div>\n\t\t\t\t\t<\/div>\n\t\t<\/div>\n\t\t\t\t<div class=\"elementor-column elementor-col-50 elementor-top-column elementor-element elementor-element-34177f2a\" data-id=\"34177f2a\" data-element_type=\"column\" data-e-type=\"column\">\n\t\t\t<div class=\"elementor-widget-wrap elementor-element-populated\">\n\t\t\t\t\t\t<div class=\"elementor-element elementor-element-474f5181 elementor-widget elementor-widget-video\" data-id=\"474f5181\" data-element_type=\"widget\" data-e-type=\"widget\" data-settings=\"{&quot;youtube_url&quot;:&quot;https:\\\/\\\/www.youtube.com\\\/watch?v=fDNtbiV45P8&quot;,&quot;video_type&quot;:&quot;youtube&quot;}\" data-widget_type=\"video.default\">\n\t\t\t\t<div class=\"elementor-widget-container\">\n\t\t\t\t\t\t\t<div class=\"elementor-wrapper elementor-open-inline\">\n\t\t\t<div class=\"elementor-video\"><\/div>\t\t<\/div>\n\t\t\t\t\t\t<\/div>\n\t\t\t\t<\/div>\n\t\t\t\t<div class=\"elementor-element elementor-element-32e86781 wd-width-100 elementor-widget elementor-widget-wd_title\" data-id=\"32e86781\" data-element_type=\"widget\" data-e-type=\"widget\" data-widget_type=\"wd_title.default\">\n\t\t\t\t<div class=\"elementor-widget-container\">\n\t\t\t\t\t\t\t<div class=\"title-wrapper wd-set-mb reset-last-child wd-title-color-default wd-title-style-default wd-title-size-default text-center\">\n\n\t\t\t\n\t\t\t<div class=\"liner-continer\">\n\t\t\t\t<h3 class=\"woodmart-title-container title wd-fontsize-l\">Franchising met ons. Dat is de manier om het te doen!<\/h3> \n\t\t\t\t\t\t\t<\/div>\n\n\t\t\t\t\t<\/div>\n\t\t\t\t\t\t<\/div>\n\t\t\t\t<\/div>\n\t\t\t\t<div class=\"elementor-element elementor-element-d06be5b elementor-widget elementor-widget-wd_text_block\" data-id=\"d06be5b\" data-element_type=\"widget\" data-e-type=\"widget\" data-widget_type=\"wd_text_block.default\">\n\t\t\t\t<div class=\"elementor-widget-container\">\n\t\t\t\t\t\t\t<div class=\"wd-text-block reset-last-child text-center\">\n\t\t\t\n\t\t\t<p><em>We beschouwen onze franchisenemers als echte partners en zijn blij met het succes van elke vestiging!<\/em><\/p>\n\t\t\t\t\t<\/div>\n\t\t\t\t\t\t<\/div>\n\t\t\t\t<\/div>\n\t\t\t\t\t<\/div>\n\t\t<\/div>\n\t\t\t\t\t<\/div>\n\t\t<\/section>\n\t\t\t\t<\/div>\n\t\t","protected":false},"excerpt":{"rendered":"<p>HET IDEE Onze geschiedenis In 1993 richtten drie jonge ondernemende broers, onder leiding van de huidige CEO Erdogan G\u00fcner, de<\/p>\n","protected":false},"author":4,"featured_media":0,"parent":0,"menu_order":0,"comment_status":"closed","ping_status":"closed","template":"","meta":{"two_page_speed":[],"footnotes":""},"class_list":["post-13396","page","type-page","status-publish","hentry"],"_links":{"self":[{"href":"https:\/\/cigkoftem.eu\/nl\/wp-json\/wp\/v2\/pages\/13396","targetHints":{"allow":["GET"]}}],"collection":[{"href":"https:\/\/cigkoftem.eu\/nl\/wp-json\/wp\/v2\/pages"}],"about":[{"href":"https:\/\/cigkoftem.eu\/nl\/wp-json\/wp\/v2\/types\/page"}],"author":[{"embeddable":true,"href":"https:\/\/cigkoftem.eu\/nl\/wp-json\/wp\/v2\/users\/4"}],"replies":[{"embeddable":true,"href":"https:\/\/cigkoftem.eu\/nl\/wp-json\/wp\/v2\/comments?post=13396"}],"version-history":[{"count":2,"href":"https:\/\/cigkoftem.eu\/nl\/wp-json\/wp\/v2\/pages\/13396\/revisions"}],"predecessor-version":[{"id":13402,"href":"https:\/\/cigkoftem.eu\/nl\/wp-json\/wp\/v2\/pages\/13396\/revisions\/13402"}],"wp:attachment":[{"href":"https:\/\/cigkoftem.eu\/nl\/wp-json\/wp\/v2\/media?parent=13396"}],"curies":[{"name":"wp","href":"https:\/\/api.w.org\/{rel}","templated":true}]}}